{"id":3912,"date":"2023-12-28T12:10:23","date_gmt":"2023-12-28T11:10:23","guid":{"rendered":"https:\/\/bo-it.org\/wpsite?page_id=3912"},"modified":"2023-12-28T19:07:01","modified_gmt":"2023-12-28T18:07:01","slug":"jaquelina-diaz-de-leon-rodriguez","status":"publish","type":"page","link":"https:\/\/bo-it.org\/wpsite\/jaquelina-diaz-de-leon-rodriguez","title":{"rendered":"Jaquelina D\u00edaz de Le\u00f3n Rodr\u00edguez"},"content":{"rendered":"\n<p style=\"text-align: left;\"><strong><a href=\"https:\/\/www.instagram.com\/jaquejours\/\" target=\"_blank\" rel=\"noopener\"><button class=\"button\">PROFILO INSTAGRAM<\/button><\/a><\/strong><\/p>\n\n\n\n<p class=\"has-small-font-size\">Jaque Jours (Citt\u00e0 del Messico, 1992) ha scoperto la sua passione per le tecniche di pittura tradizionale e l&#8217;illustrazione di libri dopo aver studiato Architettura &amp; Interior Design e aver conseguito un master in Letteratura. Il lavoro di Jaque trova la bellezza nelle scene della vita quotidiana, fissa il suo sguardo dove nessuno sta guardando. Rende familiare qualcosa di degno di essere ritratto.<\/p>\n\n\n\n<div style=\"height:29px\" aria-hidden=\"true\" class=\"wp-block-spacer\"><\/div>\n\n\n\n<h2 class=\"wp-block-heading\">\ud835\ude4e\ud835\ude62\ud835\ude56\ud835\ude61\ud835\ude61 \ud835\ude69\ud835\ude5d\ud835\ude5e\ud835\ude63\ud835\ude5c\ud835\ude68<\/h2>\n\n\n\n<div style=\"height:29px\" aria-hidden=\"true\" class=\"wp-block-spacer\"><\/div>\n\n\n\n<div class=\"wp-block-media-text alignwide is-stacked-on-mobile\"><figure class=\"wp-block-media-text__media\"><img loading=\"lazy\" decoding=\"async\" width=\"1280\" height=\"1280\" src=\"\/files\/Jaque-Jours-1-1280x1280.jpg\" alt=\"Jaquelina D\u00edaz de Le\u00f3n Rodr\u00edguez - Small things\" class=\"wp-image-3520 size-full\" srcset=\"\/files\/Jaque-Jours-1-1280x1280.jpg 1280w, \/files\/Jaque-Jours-1-300x300.jpg 300w, \/files\/Jaque-Jours-1-100x100.jpg 100w, \/files\/Jaque-Jours-1-600x600.jpg 600w, \/files\/Jaque-Jours-1-533x533.jpg 533w, \/files\/Jaque-Jours-1-768x768.jpg 768w, \/files\/Jaque-Jours-1-1536x1536.jpg 1536w, \/files\/Jaque-Jours-1.jpg 1771w\" sizes=\"auto, (max-width: 1280px) 100vw, 1280px\" \/><\/figure><div class=\"wp-block-media-text__content\">\n<p class=\"has-small-font-size\"><em>Una delle mie citazioni preferite \u00e8 &lt;&lt;Le grandicose non vengono fatte per impulso, ma da una serie di piccole cose messe insieme>> di Vincent Van Gogh. Le api ne sono l&#8217;esempio pi\u00f9 chiaro: se smettessero di fare le piccole cose che fanno, l&#8217;impatto sarebbe brutale.<br>Di solito pensiamo che i piccoli cambiamenti non aiutino il mondo, ma [&#8230;] anche se sembra inutile cercare di salvare solo alcuni pinguini, dipingere un manifesto o salvare solo una tigre [&#8230;] le piccole cose possono fare tutta la differenza.<\/em><\/p>\n<\/div><\/div>\n\n\n\n<div style=\"height:29px\" aria-hidden=\"true\" class=\"wp-block-spacer\"><\/div>\n","protected":false},"excerpt":{"rendered":"<p>PROFILO INSTAGRAM Jaque Jours (Citt\u00e0 del Messico, 1992) ha scoperto la sua passione per le tecniche di pittura tradizionale e l&#8217;illustrazione di libri dopo aver studiato Architettura &amp; Interior Design e aver conseguito un master in Letteratura. Il lavoro di Jaque trova la bellezza nelle scene della vita quotidiana, fissa il suo sguardo dove nessuno [&hellip;]<\/p>\n","protected":false},"author":1,"featured_media":0,"parent":0,"menu_order":0,"comment_status":"closed","ping_status":"closed","template":"","meta":{"_acf_changed":false,"footnotes":""},"class_list":["post-3912","page","type-page","status-publish","hentry"],"acf":[],"_links":{"self":[{"href":"https:\/\/bo-it.org\/wpsite\/wp-json\/wp\/v2\/pages\/3912","targetHints":{"allow":["GET"]}}],"collection":[{"href":"https:\/\/bo-it.org\/wpsite\/wp-json\/wp\/v2\/pages"}],"about":[{"href":"https:\/\/bo-it.org\/wpsite\/wp-json\/wp\/v2\/types\/page"}],"author":[{"embeddable":true,"href":"https:\/\/bo-it.org\/wpsite\/wp-json\/wp\/v2\/users\/1"}],"replies":[{"embeddable":true,"href":"https:\/\/bo-it.org\/wpsite\/wp-json\/wp\/v2\/comments?post=3912"}],"version-history":[{"count":3,"href":"https:\/\/bo-it.org\/wpsite\/wp-json\/wp\/v2\/pages\/3912\/revisions"}],"predecessor-version":[{"id":3973,"href":"https:\/\/bo-it.org\/wpsite\/wp-json\/wp\/v2\/pages\/3912\/revisions\/3973"}],"wp:attachment":[{"href":"https:\/\/bo-it.org\/wpsite\/wp-json\/wp\/v2\/media?parent=3912"}],"curies":[{"name":"wp","href":"https:\/\/api.w.org\/{rel}","templated":true}]}}