{"id":3902,"date":"2023-12-28T11:33:16","date_gmt":"2023-12-28T10:33:16","guid":{"rendered":"https:\/\/bo-it.org\/wpsite?page_id=3902"},"modified":"2023-12-28T18:43:23","modified_gmt":"2023-12-28T17:43:23","slug":"lingyan-zhu","status":"publish","type":"page","link":"https:\/\/bo-it.org\/wpsite\/lingyan-zhu","title":{"rendered":"Lingyan Zhu"},"content":{"rendered":"\n<p style=\"text-align: left;\"><strong><a href=\"https:\/\/www.instagram.com\/zhulingyan52\/\" target=\"_blank\" rel=\"noopener\"><button class=\"button\">PROFILO INSTAGRAM<\/button><\/a><\/strong><\/p>\n\n\n\n<p>Vengo dalla Cina e studio all&#8217;Accademia di Belle Arti Lu Xun. Durante la creazione dell&#8217;opera per il concorso ho riflettuto molto sulla stretta connessione emotiva tra la natura e le persone. In futuro, passer\u00f2 pi\u00f9 tempo cercando di usare le immagini per descrivere il rapporto tra uomo e natura e per interpretare il mondo immaginario nella mia mente<\/p>\n\n\n\n<div style=\"height:29px\" aria-hidden=\"true\" class=\"wp-block-spacer\"><\/div>\n\n\n\n<h2 class=\"wp-block-heading\">\ud835\ude4e\ud835\ude64\ud835\ude69\ud835\ude69\ud835\ude64\ud835\ude68\ud835\ude64\ud835\ude65\ud835\ude67\ud835\ude56<\/h2>\n\n\n\n<div style=\"height:29px\" aria-hidden=\"true\" class=\"wp-block-spacer\"><\/div>\n\n\n\n<div class=\"wp-block-media-text alignwide is-stacked-on-mobile\"><figure class=\"wp-block-media-text__media\"><img loading=\"lazy\" decoding=\"async\" width=\"1280\" height=\"1280\" src=\"\/files\/Lingyan-Zhu-1-1280x1280.jpg\" alt=\"Lingyan Zhu - Sottosopra\" class=\"wp-image-3524 size-full\" srcset=\"\/files\/Lingyan-Zhu-1-1280x1280.jpg 1280w, \/files\/Lingyan-Zhu-1-300x300.jpg 300w, \/files\/Lingyan-Zhu-1-100x100.jpg 100w, \/files\/Lingyan-Zhu-1-600x600.jpg 600w, \/files\/Lingyan-Zhu-1-533x533.jpg 533w, \/files\/Lingyan-Zhu-1-768x768.jpg 768w, \/files\/Lingyan-Zhu-1-1536x1536.jpg 1536w, \/files\/Lingyan-Zhu-1.jpg 1771w\" sizes=\"auto, (max-width: 1280px) 100vw, 1280px\" \/><\/figure><div class=\"wp-block-media-text__content\">\n<p><em>Benvenuti nel mondo sottosopra! Le api vivono nel nostro stesso mondo, respirano e vivono usando energia pulita. Le api sono spensierate e felici perch\u00e9 l&#8217;aria \u00e8 cos\u00ec pulita e tutto in natura \u00e8 cos\u00ec bello. Hanno deciso di trasmettere questo potere agli esseri umani nel mondo sottosopra, proteggiamo insieme l&#8217;ambiente e creiamo un domani migliore!<\/em><\/p>\n<\/div><\/div>\n\n\n\n<div style=\"height:29px\" aria-hidden=\"true\" class=\"wp-block-spacer\"><\/div>\n","protected":false},"excerpt":{"rendered":"<p>PROFILO INSTAGRAM Vengo dalla Cina e studio all&#8217;Accademia di Belle Arti Lu Xun. Durante la creazione dell&#8217;opera per il concorso ho riflettuto molto sulla stretta connessione emotiva tra la natura e le persone. In futuro, passer\u00f2 pi\u00f9 tempo cercando di usare le immagini per descrivere il rapporto tra uomo e natura e per interpretare il [&hellip;]<\/p>\n","protected":false},"author":1,"featured_media":0,"parent":0,"menu_order":0,"comment_status":"closed","ping_status":"closed","template":"","meta":{"_acf_changed":false,"footnotes":""},"class_list":["post-3902","page","type-page","status-publish","hentry"],"acf":[],"_links":{"self":[{"href":"https:\/\/bo-it.org\/wpsite\/wp-json\/wp\/v2\/pages\/3902","targetHints":{"allow":["GET"]}}],"collection":[{"href":"https:\/\/bo-it.org\/wpsite\/wp-json\/wp\/v2\/pages"}],"about":[{"href":"https:\/\/bo-it.org\/wpsite\/wp-json\/wp\/v2\/types\/page"}],"author":[{"embeddable":true,"href":"https:\/\/bo-it.org\/wpsite\/wp-json\/wp\/v2\/users\/1"}],"replies":[{"embeddable":true,"href":"https:\/\/bo-it.org\/wpsite\/wp-json\/wp\/v2\/comments?post=3902"}],"version-history":[{"count":2,"href":"https:\/\/bo-it.org\/wpsite\/wp-json\/wp\/v2\/pages\/3902\/revisions"}],"predecessor-version":[{"id":3961,"href":"https:\/\/bo-it.org\/wpsite\/wp-json\/wp\/v2\/pages\/3902\/revisions\/3961"}],"wp:attachment":[{"href":"https:\/\/bo-it.org\/wpsite\/wp-json\/wp\/v2\/media?parent=3902"}],"curies":[{"name":"wp","href":"https:\/\/api.w.org\/{rel}","templated":true}]}}