{"id":3883,"date":"2023-12-28T02:05:29","date_gmt":"2023-12-28T01:05:29","guid":{"rendered":"https:\/\/bo-it.org\/wpsite?page_id=3883"},"modified":"2023-12-28T02:05:31","modified_gmt":"2023-12-28T01:05:31","slug":"chanelle-loyd","status":"publish","type":"page","link":"https:\/\/bo-it.org\/wpsite\/chanelle-loyd","title":{"rendered":"Chanelle Loyd"},"content":{"rendered":"\n<p style=\"text-align: left;\"><strong><a href=\"https:\/\/www.instagram.com\/mrsleedraws\/\" target=\"_blank\" rel=\"noopener\"><button class=\"button\">PROFILO INSTAGRAM<\/button><\/a><\/strong><\/p>\n\n\n\n<p>Sono un\u2019illustratrice freelance dello Yorkshire, Inghilterra. Sono specializzata in illustrazioni digitali e in tecnica mista. Nel mio tempo libero mi piace coltivare verdure, occuparmi delle piante di casa e trascorrere del tempo con la mia famiglia e i miei animali domestici. Alcuni anni fa, ho scelto di cambiare carriera, passando da quella ospedaliera all\u2019illustrazione. \u00c8 stato un grande passo per me e ho deciso di studiare dopo aver fatto questo cambio di carriera. Attualmente sto conseguendo la mia laurea in illustrazione, dall&#8217;anno scorso sono studente di illustrazione presso l&#8217;Universit\u00e0 di Falmouth in Inghilterra.<\/p>\n\n\n\n<div style=\"height:29px\" aria-hidden=\"true\" class=\"wp-block-spacer\"><\/div>\n\n\n\n<h2 class=\"wp-block-heading\">\ud835\ude4f\ud835\ude5d\ud835\ude5a\ud835\ude67\ud835\ude5a\u2019\ud835\ude68 \ud835\ude49\ud835\ude64 \ud835\ude4d\ud835\ude64\ud835\ude64\ud835\ude62 \ud835\ude41\ud835\ude64\ud835\ude67 \ud835\ude4f\ud835\ude5d\ud835\ude5a \ud835\ude42\ud835\ude64\ud835\ude64\ud835\ude59 \ud835\ude4e\ud835\ude69\ud835\ude6a\ud835\ude5b\ud835\ude5b<\/h2>\n\n\n\n<div style=\"height:29px\" aria-hidden=\"true\" class=\"wp-block-spacer\"><\/div>\n\n\n\n<div class=\"wp-block-media-text alignwide is-stacked-on-mobile\"><figure class=\"wp-block-media-text__media\"><img loading=\"lazy\" decoding=\"async\" width=\"1280\" height=\"1280\" src=\"\/files\/Chanelle-Lloyd-1-1280x1280.jpg\" alt=\"Chanelle Lloyd - There\u2019s No Room For The Good Stuff\" class=\"wp-image-3486 size-full\" srcset=\"\/files\/Chanelle-Lloyd-1-1280x1280.jpg 1280w, \/files\/Chanelle-Lloyd-1-300x300.jpg 300w, \/files\/Chanelle-Lloyd-1-100x100.jpg 100w, \/files\/Chanelle-Lloyd-1-600x600.jpg 600w, \/files\/Chanelle-Lloyd-1-533x533.jpg 533w, \/files\/Chanelle-Lloyd-1-768x768.jpg 768w, \/files\/Chanelle-Lloyd-1-1536x1536.jpg 1536w, \/files\/Chanelle-Lloyd-1.jpg 1771w\" sizes=\"auto, (max-width: 1280px) 100vw, 1280px\" \/><\/figure><div class=\"wp-block-media-text__content\">\n<p>I piccoli personaggi vestiti di verde nella mia illustrazione rappresentano alcune delle cose di cui abbiamo bisogno per prosperare. Questi piccoli personaggi vengono schiacciati in uno spazio sempre pi\u00f9 piccolo mentre i personaggi grandi prendono il sopravvento. I personaggi grandi vestiti di scuro che occupano la maggior parte dello spazio rappresentano i nostri problemi ecologici. Ci mostrano quanto siano diventati GRANDI i nostri problemi e quanto poco tempo abbiamo per risolverli. Il loro testo \u00e8 scuro e difficile da leggere perch\u00e9 tendiamo a nascondere, ignorare o mascherare i nostri problemi invece di affrontarli. Man mano che i personaggi negativi crescono sempre di pi\u00f9, non ci sar\u00e0 pi\u00f9 spazio per le &#8216;cose buone&#8217; nella vita a meno che non agiamo ora.<\/p>\n<\/div><\/div>\n\n\n\n<div style=\"height:29px\" aria-hidden=\"true\" class=\"wp-block-spacer\"><\/div>\n","protected":false},"excerpt":{"rendered":"<p>PROFILO INSTAGRAM Sono un\u2019illustratrice freelance dello Yorkshire, Inghilterra. Sono specializzata in illustrazioni digitali e in tecnica mista. Nel mio tempo libero mi piace coltivare verdure, occuparmi delle piante di casa e trascorrere del tempo con la mia famiglia e i miei animali domestici. Alcuni anni fa, ho scelto di cambiare carriera, passando da quella ospedaliera [&hellip;]<\/p>\n","protected":false},"author":1,"featured_media":0,"parent":0,"menu_order":0,"comment_status":"closed","ping_status":"closed","template":"","meta":{"_acf_changed":false,"footnotes":""},"class_list":["post-3883","page","type-page","status-publish","hentry"],"acf":[],"_links":{"self":[{"href":"https:\/\/bo-it.org\/wpsite\/wp-json\/wp\/v2\/pages\/3883","targetHints":{"allow":["GET"]}}],"collection":[{"href":"https:\/\/bo-it.org\/wpsite\/wp-json\/wp\/v2\/pages"}],"about":[{"href":"https:\/\/bo-it.org\/wpsite\/wp-json\/wp\/v2\/types\/page"}],"author":[{"embeddable":true,"href":"https:\/\/bo-it.org\/wpsite\/wp-json\/wp\/v2\/users\/1"}],"replies":[{"embeddable":true,"href":"https:\/\/bo-it.org\/wpsite\/wp-json\/wp\/v2\/comments?post=3883"}],"version-history":[{"count":1,"href":"https:\/\/bo-it.org\/wpsite\/wp-json\/wp\/v2\/pages\/3883\/revisions"}],"predecessor-version":[{"id":3884,"href":"https:\/\/bo-it.org\/wpsite\/wp-json\/wp\/v2\/pages\/3883\/revisions\/3884"}],"wp:attachment":[{"href":"https:\/\/bo-it.org\/wpsite\/wp-json\/wp\/v2\/media?parent=3883"}],"curies":[{"name":"wp","href":"https:\/\/api.w.org\/{rel}","templated":true}]}}