{"id":3877,"date":"2023-12-28T01:54:33","date_gmt":"2023-12-28T00:54:33","guid":{"rendered":"https:\/\/bo-it.org\/wpsite?page_id=3877"},"modified":"2023-12-28T17:04:17","modified_gmt":"2023-12-28T16:04:17","slug":"elena-krivtsova","status":"publish","type":"page","link":"https:\/\/bo-it.org\/wpsite\/elena-krivtsova","title":{"rendered":"Elena Krivtsova"},"content":{"rendered":"\n<p style=\"text-align: left;\"><strong><a href=\"https:\/\/www.instagram.com\/elena.felsina\/\" target=\"_blank\" rel=\"noopener\"><button class=\"button\">PROFILO INSTAGRAM<\/button><\/a><\/strong><\/p>\n\n\n\n<p class=\"has-medium-font-size\">Nata su un&#8217;isola lontana 8000 km dall&#8217;Italia, sono stato affascinata da Bologna e mi sono trasferita qui 3 anni fa. Lo studio della storia dell&#8217;arte presso l&#8217;Universit\u00e0 di Bologna mi ha incoraggiato a intraprendere una carriera nell&#8217;illustrazione.<\/p>\n\n\n\n<div style=\"height:29px\" aria-hidden=\"true\" class=\"wp-block-spacer\"><\/div>\n\n\n\n<h2 class=\"wp-block-heading\">\ud835\ude3c\ud835\ude61\ud835\ude59\ud835\ude67\ud835\ude64\ud835\ude6b\ud835\ude56\ud835\ude63\ud835\ude59\ud835\ude5e<\/h2>\n\n\n\n<div style=\"height:29px\" aria-hidden=\"true\" class=\"wp-block-spacer\"><\/div>\n\n\n\n<div class=\"wp-block-media-text alignwide is-stacked-on-mobile\"><figure class=\"wp-block-media-text__media\"><img loading=\"lazy\" decoding=\"async\" width=\"850\" height=\"850\" src=\"\/files\/Elena-Krivtsova-2.jpg\" alt=\"Elena Krivtsova - Aldrovandi\" class=\"wp-image-3498 size-full\" srcset=\"\/files\/Elena-Krivtsova-2.jpg 850w, \/files\/Elena-Krivtsova-2-300x300.jpg 300w, \/files\/Elena-Krivtsova-2-100x100.jpg 100w, \/files\/Elena-Krivtsova-2-600x600.jpg 600w, \/files\/Elena-Krivtsova-2-533x533.jpg 533w, \/files\/Elena-Krivtsova-2-768x768.jpg 768w\" sizes=\"auto, (max-width: 850px) 100vw, 850px\" \/><\/figure><div class=\"wp-block-media-text__content\">\n<p class=\"has-medium-font-size\"><em>Ispirata dai libri di Aldrovandi, il famoso naturalista bolognese del XVI secolo, vorrei mostrare la citt\u00e0 come un organismo vivente, dove il rispetto per il suo patrimonio \u00e8 vitale per la sostenibilit\u00e0 futura.<\/em><\/p>\n<\/div><\/div>\n\n\n\n<div style=\"height:29px\" aria-hidden=\"true\" class=\"wp-block-spacer\"><\/div>\n","protected":false},"excerpt":{"rendered":"<p>PROFILO INSTAGRAM Nata su un&#8217;isola lontana 8000 km dall&#8217;Italia, sono stato affascinata da Bologna e mi sono trasferita qui 3 anni fa. Lo studio della storia dell&#8217;arte presso l&#8217;Universit\u00e0 di Bologna mi ha incoraggiato a intraprendere una carriera nell&#8217;illustrazione. \ud835\ude3c\ud835\ude61\ud835\ude59\ud835\ude67\ud835\ude64\ud835\ude6b\ud835\ude56\ud835\ude63\ud835\ude59\ud835\ude5e Ispirata dai libri di Aldrovandi, il famoso naturalista bolognese del XVI secolo, vorrei mostrare la [&hellip;]<\/p>\n","protected":false},"author":1,"featured_media":0,"parent":0,"menu_order":0,"comment_status":"closed","ping_status":"closed","template":"","meta":{"_acf_changed":false,"footnotes":""},"class_list":["post-3877","page","type-page","status-publish","hentry"],"acf":[],"_links":{"self":[{"href":"https:\/\/bo-it.org\/wpsite\/wp-json\/wp\/v2\/pages\/3877","targetHints":{"allow":["GET"]}}],"collection":[{"href":"https:\/\/bo-it.org\/wpsite\/wp-json\/wp\/v2\/pages"}],"about":[{"href":"https:\/\/bo-it.org\/wpsite\/wp-json\/wp\/v2\/types\/page"}],"author":[{"embeddable":true,"href":"https:\/\/bo-it.org\/wpsite\/wp-json\/wp\/v2\/users\/1"}],"replies":[{"embeddable":true,"href":"https:\/\/bo-it.org\/wpsite\/wp-json\/wp\/v2\/comments?post=3877"}],"version-history":[{"count":2,"href":"https:\/\/bo-it.org\/wpsite\/wp-json\/wp\/v2\/pages\/3877\/revisions"}],"predecessor-version":[{"id":3923,"href":"https:\/\/bo-it.org\/wpsite\/wp-json\/wp\/v2\/pages\/3877\/revisions\/3923"}],"wp:attachment":[{"href":"https:\/\/bo-it.org\/wpsite\/wp-json\/wp\/v2\/media?parent=3877"}],"curies":[{"name":"wp","href":"https:\/\/api.w.org\/{rel}","templated":true}]}}