{"id":38,"date":"2018-06-16T19:38:45","date_gmt":"2018-06-16T17:38:45","guid":{"rendered":"http:\/\/www.bo-it.org\/wpsite\/?page_id=38"},"modified":"2025-05-02T15:46:19","modified_gmt":"2025-05-02T13:46:19","slug":"informativa-sulla-privacy","status":"publish","type":"page","link":"https:\/\/bo-it.org\/wpsite\/informativa-sulla-privacy","title":{"rendered":"Informativa sulla Privacy"},"content":{"rendered":"<h3>Informativa in materia di privacy ai sensi del Decreto Legislativo n. 196\/2003 (\u201cCodice Privacy\u201d) e del Regolamento (UE) 2016\/679 (\u201cGDPR\u201d)<\/h3>\n<p><strong>L\u2019informativa \u00e8 resa solo per il sito web <a href=\"https:\/\/bo-it.org\/wpsite\">www.bo-it.org<\/a> e non anche per altri siti web eventualmente consultati dall\u2019utente mediante i link (collegamenti ipertestuali) presenti nel sito web<\/strong><br \/>\n<strong>IDENTIT\u00c0 DEL TITOLARE DEL TRATTAMENTO<\/strong><br \/>\nIl titolare del trattamento \u00e8 <strong>Associazione <em>Altrove<\/em>, con sede in Via\u00a0 Sesto San Giovanni, 6 &#8211; 40139, Bologna nella persona di Sara Bernardi.<br \/>\nEmail: segreteria.boitcontest[@]gmail.com<\/strong><\/p>\n<p>Il trattamento delle informazioni che La riguardano, sar\u00e0 improntato ai principi di correttezza, liceit\u00e0 e trasparenza e tutelando la Sua riservatezza e i Suoi diritti.<br \/>\nA partire dal 25 maggio 2018 in tutti gli Stati dell\u2019Unione europea si applicano nuove regole sulla privacy, imposte dal Regolamento UE n. 2016\/679 (Regolamento Generale sulla Protezione dei Dati, che d\u2019ora in poi chiameremo RGPD), oltre che da leggi nazionali.<br \/>\nIl RGPD prevede una maggiore tutela degli utenti e impone nuovi obblighi e responsabilit\u00e0 a carico di chi tratta dati personali, anche attraverso i siti web.<br \/>\nPer saperne di pi\u00f9 sul RGPD pu\u00f2 consultare l\u2019utile e approfondita Sezione a cura del Garante italiano per la Protezione dei Dati Personali: La aiuter\u00e0 a comprendere meglio le nuove regole e a conoscere i Suoi diritti.<br \/>\nUn principio fondamentale \u00e8 quello della trasparenza: gli utenti devono sapere in anticipo, in modo chiaro e completo quali informazioni personali saranno raccolte, chi le tratter\u00e0, per quali motivi e per quanto tempo, se saranno utilizzate per scopi commerciali, oppure per scopi di profilazione, se saranno comunicate a terzi, ecc. e poter controllare in modo efficace la gestione dei propri dati.<br \/>\nQuesta informativa \u00e8 fornita in conformit\u00e0 all\u2019articolo 13 del RGPD e si ispira anche alle Linee Guida del Gruppo Articolo 29 sulla Trasparenza.<br \/>\n<strong>CATEGORIA DI DATI PERSONALI TRATTATI\u00a0<\/strong><\/p>\n<h3><strong>1. Dati di navigazione<\/strong><\/h3>\n<p>I sistemi informatici legati\u00a0al funzionamento di questo sito web\u00a0acquisiscono alcuni\u00a0dati personali\u00a0la cui trasmissione \u00e8 implicita nell\u2019uso dei protocolli di comunicazione di Internet. Si tratta di informazioni che non sono raccolte per essere associate a soggetti identificati ma che per loro stessa natura potrebbero, attraverso elaborazioni ed associazioni con dati detenuti da terzi, permettere di identificare gli utenti. In questa categoria di dati rientrano gli indirizzi IP o i nomi a dominio dei computer utilizzati dagli utenti che si connettono al sito web, l\u2019orario della richiesta, il metodo utilizzato nel sottoporre la richiesta al server, la dimensione del file ottenuto in risposta, il codice numerico indicante lo stato della risposta data dal server (buon fine, errore, ecc.) ed altri parametri relativi al sistema operativo e all\u2019ambiente informatico dell\u2019utente. Questi dati vengono utilizzati al solo fine di controllare il corretto funzionamento del Sito.<\/p>\n<h3><strong>2. Dati forniti volontariamente dall\u2019utente<\/strong><\/h3>\n<p>L\u2019invio facoltativo, esplicito e volontario di messaggi di posta elettronica agli indirizzi indicati sul Sito implica la successiva acquisizione dell\u2019indirizzo del mittente, necessario per rispondere alle richieste, nonch\u00e9 degli eventuali altri dati personali inseriti nel messaggio.<br \/>\n<strong>Il CIVICO 32 <\/strong>invier\u00e0 comunicazioni esclusivamente a quegli utenti che abbiano fornito uno specifico consenso informato.<br \/>\nDopo la prima acquisizione del vostro indirizzo e di ulteriori dati presenti nella email, vi sar\u00e0 inviato un messaggio di posta elettronica dove dovrete rispondere di <strong>prestare il consenso al trattamento dei vostri dati<\/strong>.<br \/>\nGli utenti sono debitamente informati del fatto che <strong>Il<\/strong> <strong>CIVICO 32<\/strong>, in conformit\u00e0 a quanto previsto dagli artt. 13 G.D.P.R. ed artt. 8 e 9 del D.Lgs. 70\/03, potr\u00e0 inviare all\u2019indirizzo e-mail, e\/o al domicilio dell\u2019Utente messaggi a contenuto informativo relativi ai propri servizi o alle attivit\u00e0 organizzate.<br \/>\nL\u2019Utente che abbia prestato il proprio consenso all\u2019invio di comunicazioni potr\u00e0, in qualunque momento, decidere di revocare il consenso. In tal caso <strong>Il<\/strong> <strong>CIVICO 32 <\/strong>si asterr\u00e0 dall\u2019inviare comunicazioni future.<br \/>\n<strong>Revocare il proprio consenso sar\u00e0 possibile con le stesse, semplici modalit\u00e0 con cui \u00e8 stato fornito. <\/strong><\/p>\n<h3><strong>3. Modalit\u00e0 di trattamento<\/strong><\/h3>\n<p>Il trattamento dei Dati Personali avverr\u00e0 mediante strumenti manuali, informatici o telematici, idonei a garantirne la sicurezza e la riservatezza e verr\u00e0 eseguito da personale debitamente istruito al rispetto della Normativa Applicabile.<\/p>\n<h3><strong>4. Destinatari dei dati personali<\/strong><\/h3>\n<p>Sia i dati di navigazione, sia i dati forniti volontariamente dall\u2019utente saranno trattati esclusivamente da addetti di <strong>Il<\/strong> <strong>CIVICO 32<\/strong>, nonch\u00e9 da fornitori di servizi informatici legati alla gestione e al funzionamento del Sito.<br \/>\nI dati non saranno comunicati ad altri soggetti, n\u00e9 saranno in alcun modo diffusi.<\/p>\n<h3><strong>5. Misure di sicurezza<\/strong><\/h3>\n<p>Il Titolare adotta misure di sicurezza, in conformit\u00e0 a quanto disposto dal RGPD adeguate al fine di ridurre al minimo i rischi di distruzione o di perdita \u2013 anche accidentale \u2013 dei dati, di accesso non autorizzato o di trattamento non consentito o non conforme alle finalit\u00e0 di raccolta indicate nella presente Privacy Policy.<\/p>\n<h3><strong>6. Diritti che le sono riconosciuti<\/strong><\/h3>\n<p>La informiamo che, in qualit\u00e0 di Interessato, ha tutti i diritti a Lei spettanti previsti dal RGPD:<\/p>\n<ul>\n<li>Diritto di Accesso (art. 15),<\/li>\n<li>Diritto di Rettifica (art. 16),<\/li>\n<li>Diritto alla Cancellazione (art. 17),<\/li>\n<li>Diritto di Limitazione di trattamento (art. 18),<\/li>\n<li>Diritto alla Portabilit\u00e0 dei dati (art. 20),<\/li>\n<li>Diritto di Opposizione (art. 21).<\/li>\n<\/ul>\n<p>Ha inoltre il diritto di revocare in qualsiasi momento il consenso prestato al trattamento dei dati, la revoca ha effetto dal momento in cui ne verremo a conoscenza e non pregiudica la liceit\u00e0 del trattamento basato sul consenso precedentemente prestato.<\/p>\n<p>Ha infine il diritto di proporre reclamo presso una Autorit\u00e0 di controllo.<\/p>\n<p>In tutti i casi descritti l\u2019esercizio dei Suoi diritti \u00e8 portato a conoscenza di coloro ai quali i Suoi dati sono stati comunicati, eccettuato i casi di esonero previsti dal RGPD, rimandando alla lettura di ogni contenuto al link <a href=\"http:\/\/www.garanteprivacy.it\/regolamentoue\/diritti-degli-interessati\">http:\/\/www.garanteprivacy.it\/regolamentoue\/diritti-degli-interessati<\/a><\/p>\n<p>In alcune ipotesi (cancellazione, limitazione, opposizione) l\u2019esercizio dei Suoi diritti potrebbe non rendere pi\u00f9 possibile, in tutto od in parte, l\u2019erogazione delle prestazioni e\/o servizi a Suo favore.<\/p>\n<p>Tutti i diritti descritti sono esercitati con richiesta rivolta senza formalit\u00e0 a <strong>Il<\/strong> <strong>CIVICO 32<\/strong>, anche per il tramite di un incaricato, alla quale \u00e8 fornito idoneo riscontro senza ritardo.<\/p>\n<h2><strong>7. COOKIE POLICY<\/strong><\/h2>\n<h4><strong>7.1. Cosa sono\u00a0Cookie<\/strong><strong>\u00a0<\/strong><\/h4>\n<p>I cookie sono informazioni memorizzate mediante il browser quando viene visitato un sito web con un qualsiasi idoneo dispositivo (come un pc, un tablet o uno smartphone). Ogni cookie contiene diversi dati (ad es., il nome del server da cui proviene, un identificatore numerico, ecc.), pu\u00f2 rimanere nel sistema per la durata di una sessione (sino alla chiusura del browser) o per lunghi periodi e pu\u00f2 contenere un codice identificativo unico.<\/p>\n<h4><strong>7.2. A cosa servono i Cookie<\/strong><\/h4>\n<p>I cookie sono utilizzati per diverse finalit\u00e0 a seconda della loro tipologia: alcuni sono strettamente necessari per la corretta funzionalit\u00e0 di un sito web (cookie tecnici), mentre altri ne ottimizzano le prestazioni per offrire una migliore esperienza all\u2019utente o consentono di acquisire statistiche sull\u2019utilizzo del sito, come i cookie analytics o consentono di visualizzare pubblicit\u00e0 personalizzata, come i cookie di profilazione.<\/p>\n<h4><strong>7.3. Consenso ai Cookie<\/strong><\/h4>\n<p>L\u2019eventuale prestazione del consenso dell\u2019utente viene memorizzata mediante un cookie tecnico, <strong>avente durata di 12 mesi.<\/strong> L\u2019utente viene informato sia mediante l\u2019informativa breve (banner visualizzato sino a quando non viene prestato o negato il consenso, sia mediante questa informativa estesa.<\/p>\n<h4><strong>7.4. Cookie utilizzati nel sito\u00a0<\/strong><\/h4>\n<p><strong>Cookie di prima parte<\/strong><em>:\u00a0<\/em>sono utilizzati esclusivamente cookie tecnici, con le finalit\u00e0 di gestione della sessione (durata: di sessione) e memorizzare il consenso dell\u2019utente all\u2019utilizzo dei cookie (<strong>durata: 12 mesi<\/strong>).<br \/>\n<strong>Cookie di terze parti<\/strong><em>:\u00a0<\/em>nel sito sono utilizzati cookie forniti dalle terze parti di seguito elencate unitamente ai link alle rispettive privacy policy (anche per la loro disabilitazione)<\/p>\n<ul>\n<li><strong>Google Analytics:<\/strong>\u00a0Per generare delle statistiche di utilizzo del nostro sito utilizziamo, come strumento di analisi, un componente di terza parte, ossia Google Analytics di Google Inc..<br \/>\n<a href=\"http:\/\/www.google.com\/intl\/it_ALL\/analytics\/learn\/privacy.html\" target=\"_blank\" rel=\"noopener\">http:\/\/www.google.com\/intl\/it_ALL\/analytics\/learn\/privacy.html<\/a>\u00a0e\u00a0<a href=\"https:\/\/tools.google.com\/dlpage\/gaoptout\" target=\"_blank\" rel=\"noopener\">https:\/\/tools.google.com\/dlpage\/gaoptout<\/a>(per la disabilitazione &#8211; opt-out);<\/li>\n<li><strong>Google reCaptcha:<\/strong>\u00a0Per la protezione antispam sui moduli di contatto e richiesta disponibilit\u00e0 utilizziamo un componente di terza parte, ossia Google reCaptcha di Google Inc.\u00a0<a href=\"http:\/\/www.google.com\/intl\/it\/policies\/privacy\/\" target=\"_blank\" rel=\"noopener\">http:\/\/www.google.com\/intl\/it\/policies\/privacy\/<\/a><\/li>\n<li><strong>Google Fonts:<\/strong>\u00a0Per visualizzare alcuni fonts presenti su questo sito utilizziamo un componente di terza parte, ossia Google Fonts di Google Inc. che permette di integrare tali contenuti.\u00a0<a href=\"http:\/\/www.google.com\/intl\/it\/policies\/privacy\/\">http:\/\/www.google.com\/intl\/it\/policies\/privacy\/<\/a><\/li>\n<\/ul>\n<h4><strong>7.5. Disabilitare i cookie?<\/strong><\/h4>\n<p><strong>Controllo tramite browser:<\/strong>I browser comunemente utilizzati (ad es., Internet Explorer, Firefox, Chrome, Safari) accettano i cookie per impostazione predefinita, ma tale impostazione pu\u00f2 essere modificata dall\u2019utente in ogni momento. Ci\u00f2 vale sia per i pc sia per i dispositivi mobile come tablet e smartphone: \u00e8 una funzione generalmente e diffusamente supportata.<br \/>\nPertanto, i cookie possono facilmente essere disattivati o disabilitati accedendo alle opzioni o alle preferenze del browser adoperato e generalmente possono essere bloccati anche i soli cookie di terze parti; in linea generale, tali opzioni avranno effetto solo per quel browser e sul quel dispositivo, salvo che non siano attive opzioni per unificare le preferenze su dispositivi diversi. Le istruzioni specifiche possono essere reperite nella pagina delle opzioni o di aiuto (help) del browser stesso. La disabilitazione dei cookie tecnici, tuttavia, pu\u00f2 influire sul pieno e\/o corretto funzionamento di diversi siti, incluso questo sito.<br \/>\nDi norma, i browser oggi adoperati:<\/p>\n<ul>\n<li>offrono l\u2019opzione \u201cDo not track\u201d, che \u00e8 supportata da alcuni siti web (ma non da tutti). In tal modo, alcuni siti web potrebbero non raccogliere pi\u00f9 taluni dati di navigazione;<\/li>\n<li>offrono l\u2019opzione di navigazione anonima o in incognito: in tal modo non saranno raccolti dati nel browser e non sar\u00e0 salvata la cronologia di navigazione, ma i dati di navigazione saranno comunque acquisibili dal gestore del sito web visitato;<\/li>\n<li>consentono di eliminare i cookie memorizzati in tutto o in parte, ma alla nuova visita ad un sito web vengono di norma installati ove tale possibilit\u00e0 non venga bloccata.<\/li>\n<\/ul>\n<p>Si indicano i link alle pagine di supporto dei browser maggiormente diffusi (con istruzioni sulla disabilitazione dei cookie su tali browser):<\/p>\n<ul>\n<li>Firefox (<a href=\"https:\/\/support.mozilla.org\/it\/kb\/Attivare%20e%20disattivare%20i%20cookie\" target=\"_blank\" rel=\"noopener\">https:\/\/support.mozilla.org\/it\/kb\/Attivare%20e%20disattivare%20i%20cookie<\/a>);<\/li>\n<li>Internet Explorer (<a href=\"http:\/\/windows.microsoft.com\/it-it\/internet-explorer\/delete-manage-cookies#ie=ie-11\" target=\"_blank\" rel=\"noopener\">http:\/\/windows.microsoft.com\/it-it\/internet-explorer\/delete-manage-cookies#ie=ie-11<\/a>);<\/li>\n<li>Safari (iOS)(\u00a0<a href=\"https:\/\/support.apple.com\/it-it\/HT201265\" target=\"_blank\" rel=\"noopener\">https:\/\/support.apple.com\/it-it\/HT201265<\/a>\u00a0);<\/li>\n<li>Chrome (desktop:\u00a0<a href=\"https:\/\/support.google.com\/chrome\/answer\/95647?hl=it\" target=\"_blank\" rel=\"noopener\">https:\/\/support.google.com\/chrome\/answer\/95647?hl=it<\/a>; Android e iOS\u00a0<a href=\"https:\/\/support.google.com\/chrome\/answer\/2392971?hl=it\" target=\"_blank\" rel=\"noopener\">https:\/\/support.google.com\/chrome\/answer\/2392971?hl=it<\/a>).<\/li>\n<\/ul>\n<p><strong>Cookie di terze parti<\/strong><strong>:<\/strong>i cookie delle terze parti possono essere disabilitati sia con la modalit\u00e0 sopra descritta sia facendo riferimento a ciascuna terza parte (seguendo i link indicati al paragrafo precedente).<\/p>\n<p><strong>Strumenti on line:<\/strong> si segnala che dal sito\u00a0<a href=\"http:\/\/www.youronlinechoices.com\/it\/\" target=\"_blank\" rel=\"noopener\">http:\/\/www.youronlinechoices.com\/it\/<\/a>\u00a0\u00e8 possibile non solo acquisire ulteriori informazioni sui cookie, ma anche verificare l\u2019installazione di numerosi cookie sul proprio browser\/dispositivo e, ove supportato, anche di disabilitarli.<\/p>\n<p><strong>PER SALVARE E STAMPARE QUESTA PAGINA, USA I COMANDI DEL BROWSER CHE STAI ADOPERANDO<\/strong><\/p>\n","protected":false},"excerpt":{"rendered":"<p>Informativa in materia di privacy ai sensi del Decreto Legislativo n. 196\/2003 (\u201cCodice Privacy\u201d) e del Regolamento (UE) 2016\/679 (\u201cGDPR\u201d) L\u2019informativa \u00e8 resa solo per il sito web www.bo-it.org e non anche per altri siti web eventualmente consultati dall\u2019utente mediante i link (collegamenti ipertestuali) presenti nel sito web IDENTIT\u00c0 DEL TITOLARE DEL TRATTAMENTO Il titolare [&hellip;]<\/p>\n","protected":false},"author":1,"featured_media":0,"parent":0,"menu_order":0,"comment_status":"closed","ping_status":"closed","template":"template\/page-full-width.php","meta":{"_acf_changed":false,"footnotes":""},"class_list":["post-38","page","type-page","status-publish","hentry"],"acf":[],"_links":{"self":[{"href":"https:\/\/bo-it.org\/wpsite\/wp-json\/wp\/v2\/pages\/38","targetHints":{"allow":["GET"]}}],"collection":[{"href":"https:\/\/bo-it.org\/wpsite\/wp-json\/wp\/v2\/pages"}],"about":[{"href":"https:\/\/bo-it.org\/wpsite\/wp-json\/wp\/v2\/types\/page"}],"author":[{"embeddable":true,"href":"https:\/\/bo-it.org\/wpsite\/wp-json\/wp\/v2\/users\/1"}],"replies":[{"embeddable":true,"href":"https:\/\/bo-it.org\/wpsite\/wp-json\/wp\/v2\/comments?post=38"}],"version-history":[{"count":2,"href":"https:\/\/bo-it.org\/wpsite\/wp-json\/wp\/v2\/pages\/38\/revisions"}],"predecessor-version":[{"id":4399,"href":"https:\/\/bo-it.org\/wpsite\/wp-json\/wp\/v2\/pages\/38\/revisions\/4399"}],"wp:attachment":[{"href":"https:\/\/bo-it.org\/wpsite\/wp-json\/wp\/v2\/media?parent=38"}],"curies":[{"name":"wp","href":"https:\/\/api.w.org\/{rel}","templated":true}]}}