{"id":3750,"date":"2023-10-20T17:17:11","date_gmt":"2023-10-20T15:17:11","guid":{"rendered":"https:\/\/bo-it.org\/wpsite?page_id=3750"},"modified":"2023-12-27T19:34:57","modified_gmt":"2023-12-27T18:34:57","slug":"mahboubeh-khosravi-khaftari","status":"publish","type":"page","link":"https:\/\/bo-it.org\/wpsite\/mahboubeh-khosravi-khaftari","title":{"rendered":"Mahboubeh Khosravi Khaftari"},"content":{"rendered":"\n<p style=\"text-align: left;\"><strong><a href=\"https:\/\/www.instagram.com\/M.khosravi.khaftari\/\"><button class=\"button\">PROFILO INSTAGRAM<\/button><\/a><\/strong><\/p>\n\n\n\n<p class=\"has-medium-font-size\">Mahboubeh Khosravi Khaftari, nata nel 1982 nella citt\u00e0 di Narenj, ha studiato per il suo master a Teheran e nel 2019 ha frequentato un il corso magistrale presso l&#8217;Accademia Riaci a Firenze. Nel 2022 ha vinto il concorso &#8216;artkommunalka&#8217; con il progetto &#8216;i problemi di essere educati&#8217;, ottenendo in premio una residenza di due mesi a Mosca.<\/p>\n\n\n\n<div style=\"height:29px\" aria-hidden=\"true\" class=\"wp-block-spacer\"><\/div>\n\n\n\n<div class=\"wp-block-group is-content-justification-space-between is-nowrap is-layout-flex wp-container-core-group-is-layout-1 wp-block-group-is-layout-flex\">\n<h2 class=\"wp-block-heading\">\ud835\ude49\ud835\ude56\ud835\ude69\ud835\ude6a\ud835\ude67\ud835\ude5a \ud835\ude5e\ud835\ude68 \ud835\ude65\ud835\ude56\ud835\ude67\ud835\ude69 \ud835\ude64\ud835\ude5b \ud835\ude64\ud835\ude6a\ud835\ude67 \ud835\ude57\ud835\ude5a\ud835\ude5e\ud835\ude63\ud835\ude5c<\/h2>\n<\/div>\n\n\n\n<div style=\"height:29px\" aria-hidden=\"true\" class=\"wp-block-spacer\"><\/div>\n\n\n\n<div class=\"wp-block-media-text alignwide is-stacked-on-mobile has-medium-font-size\"><figure class=\"wp-block-media-text__media\"><img loading=\"lazy\" decoding=\"async\" width=\"1280\" height=\"1280\" src=\"\/files\/Mahboubeh-Khosravi-Khaftari--1280x1280.jpg\" alt=\"Mahboubeh Khosravi Khaftari - Nature is part of our being\" class=\"wp-image-3526 size-large\" srcset=\"\/files\/Mahboubeh-Khosravi-Khaftari--1280x1280.jpg 1280w, \/files\/Mahboubeh-Khosravi-Khaftari--300x300.jpg 300w, \/files\/Mahboubeh-Khosravi-Khaftari--100x100.jpg 100w, \/files\/Mahboubeh-Khosravi-Khaftari--600x600.jpg 600w, \/files\/Mahboubeh-Khosravi-Khaftari--533x533.jpg 533w, \/files\/Mahboubeh-Khosravi-Khaftari--768x768.jpg 768w, \/files\/Mahboubeh-Khosravi-Khaftari-.jpg 1417w\" sizes=\"auto, (max-width: 1280px) 100vw, 1280px\" \/><\/figure><div class=\"wp-block-media-text__content\">\n<p class=\"has-medium-font-size\"><em>Se tutti gli esseri umani considerassero la natura parte della loro esistenza e si prendessero cura della natura, anche le generazioni future si preoccuperebbero della Terra. Potremmo salvare il pianeta e creare un mondo migliore. Ho utilizzato dipinti del periodo Zandiye a Shiraz (mia citt\u00e0 natale). In questo periodo storico, il ruolo pi\u00f9 importante nelle decorazioni a parete \u00e8 dato da disegni con fiori.<\/em><\/p>\n<\/div><\/div>\n\n\n\n<div style=\"height:100px\" aria-hidden=\"true\" class=\"wp-block-spacer\"><\/div>\n","protected":false},"excerpt":{"rendered":"<p>PROFILO INSTAGRAM Mahboubeh Khosravi Khaftari, nata nel 1982 nella citt\u00e0 di Narenj, ha studiato per il suo master a Teheran e nel 2019 ha frequentato un il corso magistrale presso l&#8217;Accademia Riaci a Firenze. Nel 2022 ha vinto il concorso &#8216;artkommunalka&#8217; con il progetto &#8216;i problemi di essere educati&#8217;, ottenendo in premio una residenza di [&hellip;]<\/p>\n","protected":false},"author":1,"featured_media":0,"parent":0,"menu_order":0,"comment_status":"closed","ping_status":"closed","template":"","meta":{"_acf_changed":false,"footnotes":""},"class_list":["post-3750","page","type-page","status-publish","hentry"],"acf":[],"_links":{"self":[{"href":"https:\/\/bo-it.org\/wpsite\/wp-json\/wp\/v2\/pages\/3750","targetHints":{"allow":["GET"]}}],"collection":[{"href":"https:\/\/bo-it.org\/wpsite\/wp-json\/wp\/v2\/pages"}],"about":[{"href":"https:\/\/bo-it.org\/wpsite\/wp-json\/wp\/v2\/types\/page"}],"author":[{"embeddable":true,"href":"https:\/\/bo-it.org\/wpsite\/wp-json\/wp\/v2\/users\/1"}],"replies":[{"embeddable":true,"href":"https:\/\/bo-it.org\/wpsite\/wp-json\/wp\/v2\/comments?post=3750"}],"version-history":[{"count":2,"href":"https:\/\/bo-it.org\/wpsite\/wp-json\/wp\/v2\/pages\/3750\/revisions"}],"predecessor-version":[{"id":3762,"href":"https:\/\/bo-it.org\/wpsite\/wp-json\/wp\/v2\/pages\/3750\/revisions\/3762"}],"wp:attachment":[{"href":"https:\/\/bo-it.org\/wpsite\/wp-json\/wp\/v2\/media?parent=3750"}],"curies":[{"name":"wp","href":"https:\/\/api.w.org\/{rel}","templated":true}]}}