{"id":3737,"date":"2023-10-20T16:45:11","date_gmt":"2023-10-20T14:45:11","guid":{"rendered":"https:\/\/bo-it.org\/wpsite?page_id=3737"},"modified":"2023-12-28T12:32:22","modified_gmt":"2023-12-28T11:32:22","slug":"veronica-dalla-bona","status":"publish","type":"page","link":"https:\/\/bo-it.org\/wpsite\/veronica-dalla-bona","title":{"rendered":"Veronica Dalla Bona"},"content":{"rendered":"\n<p style=\"text-align: left;\"><strong><a href=\"https:\/\/www.instagram.com\/haqua7\/\"><button class=\"button\">PROFILO INSTAGRAM<\/button><\/a><\/strong><\/p>\n\n\n\n<p class=\"has-medium-font-size\">Veronica nasce a Latina nel 1989 e studia pittura ed illustrazione. \u00c8 attraverso la casualit\u00e0 pi\u00f9 o meno controllata dell&#8217;inchiostro che ha trovato il modo di far fuoriuscire il suo mondo interiore.<\/p>\n\n\n\n<div style=\"height:29px\" aria-hidden=\"true\" class=\"wp-block-spacer\"><\/div>\n\n\n\n<div class=\"wp-block-group is-content-justification-space-between is-nowrap is-layout-flex wp-container-core-group-is-layout-1 wp-block-group-is-layout-flex\">\n<h2 class=\"wp-block-heading\"><em>\ud835\ude47\ud835\ude56\ud835\ude5c\ud835\ude64 \ud835\ude65\ud835\ude67\ud835\ude64\ud835\ude5b\ud835\ude64\ud835\ude63\ud835\ude59\ud835\ude64<\/em><\/h2>\n<\/div>\n\n\n\n<div style=\"height:29px\" aria-hidden=\"true\" class=\"wp-block-spacer\"><\/div>\n\n\n\n<div class=\"wp-block-media-text alignwide is-stacked-on-mobile has-medium-font-size\"><figure class=\"wp-block-media-text__media\"><img loading=\"lazy\" decoding=\"async\" width=\"850\" height=\"850\" src=\"\/files\/Veronica-Dalla-Bona.jpg\" alt=\"Veronica Dalla Bona - Lago profondo\" class=\"wp-image-3536 size-large\" srcset=\"\/files\/Veronica-Dalla-Bona.jpg 850w, \/files\/Veronica-Dalla-Bona-300x300.jpg 300w, \/files\/Veronica-Dalla-Bona-100x100.jpg 100w, \/files\/Veronica-Dalla-Bona-600x600.jpg 600w, \/files\/Veronica-Dalla-Bona-533x533.jpg 533w, \/files\/Veronica-Dalla-Bona-768x768.jpg 768w\" sizes=\"auto, (max-width: 850px) 100vw, 850px\" \/><\/figure><div class=\"wp-block-media-text__content\">\n<p class=\"has-medium-font-size\"><em>\ud835\ude13\ud835\ude22\ud835\ude28\ud835\ude30 \ud835\ude31\ud835\ude33\ud835\ude30\ud835\ude27\ud835\ude30\ud835\ude2f\ud835\ude25\ud835\ude30 \u00e8 un&#8217;opera istintiva, figlia di un momento di nostalgia ed inquietudine.<br>Rappresenta un lago, quello dei ricordi, che porta con s\u00e9 la profondit\u00e0 del tempo e di ci\u00f2 che viene<br>dimenticato.<\/em><\/p>\n<\/div><\/div>\n\n\n\n<div style=\"height:100px\" aria-hidden=\"true\" class=\"wp-block-spacer\"><\/div>\n","protected":false},"excerpt":{"rendered":"<p>PROFILO INSTAGRAM Veronica nasce a Latina nel 1989 e studia pittura ed illustrazione. \u00c8 attraverso la casualit\u00e0 pi\u00f9 o meno controllata dell&#8217;inchiostro che ha trovato il modo di far fuoriuscire il suo mondo interiore. \ud835\ude47\ud835\ude56\ud835\ude5c\ud835\ude64 \ud835\ude65\ud835\ude67\ud835\ude64\ud835\ude5b\ud835\ude64\ud835\ude63\ud835\ude59\ud835\ude64 \ud835\ude13\ud835\ude22\ud835\ude28\ud835\ude30 \ud835\ude31\ud835\ude33\ud835\ude30\ud835\ude27\ud835\ude30\ud835\ude2f\ud835\ude25\ud835\ude30 \u00e8 un&#8217;opera istintiva, figlia di un momento di nostalgia ed inquietudine.Rappresenta un lago, quello dei ricordi, che [&hellip;]<\/p>\n","protected":false},"author":1,"featured_media":0,"parent":0,"menu_order":0,"comment_status":"closed","ping_status":"closed","template":"","meta":{"_acf_changed":false,"footnotes":""},"class_list":["post-3737","page","type-page","status-publish","hentry"],"acf":[],"_links":{"self":[{"href":"https:\/\/bo-it.org\/wpsite\/wp-json\/wp\/v2\/pages\/3737","targetHints":{"allow":["GET"]}}],"collection":[{"href":"https:\/\/bo-it.org\/wpsite\/wp-json\/wp\/v2\/pages"}],"about":[{"href":"https:\/\/bo-it.org\/wpsite\/wp-json\/wp\/v2\/types\/page"}],"author":[{"embeddable":true,"href":"https:\/\/bo-it.org\/wpsite\/wp-json\/wp\/v2\/users\/1"}],"replies":[{"embeddable":true,"href":"https:\/\/bo-it.org\/wpsite\/wp-json\/wp\/v2\/comments?post=3737"}],"version-history":[{"count":2,"href":"https:\/\/bo-it.org\/wpsite\/wp-json\/wp\/v2\/pages\/3737\/revisions"}],"predecessor-version":[{"id":3917,"href":"https:\/\/bo-it.org\/wpsite\/wp-json\/wp\/v2\/pages\/3737\/revisions\/3917"}],"wp:attachment":[{"href":"https:\/\/bo-it.org\/wpsite\/wp-json\/wp\/v2\/media?parent=3737"}],"curies":[{"name":"wp","href":"https:\/\/api.w.org\/{rel}","templated":true}]}}