{"id":3725,"date":"2023-10-20T16:27:43","date_gmt":"2023-10-20T14:27:43","guid":{"rendered":"https:\/\/bo-it.org\/wpsite?page_id=3725"},"modified":"2023-12-28T12:25:12","modified_gmt":"2023-12-28T11:25:12","slug":"elena-arevalo-melville","status":"publish","type":"page","link":"https:\/\/bo-it.org\/wpsite\/elena-arevalo-melville","title":{"rendered":"Elena Ar\u00e9valo Melville"},"content":{"rendered":"\n<p style=\"text-align: left;\"><strong><a href=\"https:\/\/www.instagram.com\/elenaarevalomelville\/\"><button class=\"button\">PROFILO INSTAGRAM<\/button><\/a><\/strong><\/p>\n\n\n\n<p class=\"has-medium-font-size\">Elena \u00e8 un&#8217;autrice, illustratrice e artista latinoamericana pluripremiata, che ha fatto il suo ingresso nell&#8217;ambito della pubblicazione per bambini e dell&#8217;illustrazione dopo un lungo percorso che l&#8217;ha portata dall&#8217;architettura alla pittura. Il suo lavoro, pubblicato a livello internazionale, affronta temi legati all&#8217;appartenenza, alla comunit\u00e0, all&#8217;identit\u00e0 e alla resilienza<\/p>\n\n\n\n<div style=\"height:29px\" aria-hidden=\"true\" class=\"wp-block-spacer\"><\/div>\n\n\n\n<div class=\"wp-block-group is-content-justification-space-between is-nowrap is-layout-flex wp-container-core-group-is-layout-1 wp-block-group-is-layout-flex\">\n<h2 class=\"wp-block-heading\"><em>\ud835\ude3d\ud835\ude64\ud835\ude61\ud835\ude64\ud835\ude5c\ud835\ude63\ud835\ude56, \ud835\ude65\ud835\ude64\ud835\ude61\ud835\ude61\ud835\ude5e\ud835\ude63\ud835\ude56\ud835\ude69\ud835\ude5e\ud835\ude64\ud835\ude63 \ud835\ude58\ud835\ude5e\ud835\ude69\ud835\ude6e<\/em><\/h2>\n<\/div>\n\n\n\n<div style=\"height:29px\" aria-hidden=\"true\" class=\"wp-block-spacer\"><\/div>\n\n\n\n<div class=\"wp-block-media-text alignwide is-stacked-on-mobile has-medium-font-size\"><figure class=\"wp-block-media-text__media\"><img loading=\"lazy\" decoding=\"async\" width=\"1280\" height=\"1280\" src=\"\/files\/Elena-Arevalo-Melville-1-1280x1280.jpg\" alt=\"Elena Arevalo Melville - Bologna, pollination city\" class=\"wp-image-3492 size-large\" srcset=\"\/files\/Elena-Arevalo-Melville-1-1280x1280.jpg 1280w, \/files\/Elena-Arevalo-Melville-1-300x300.jpg 300w, \/files\/Elena-Arevalo-Melville-1-100x100.jpg 100w, \/files\/Elena-Arevalo-Melville-1-600x600.jpg 600w, \/files\/Elena-Arevalo-Melville-1-533x533.jpg 533w, \/files\/Elena-Arevalo-Melville-1-768x768.jpg 768w, \/files\/Elena-Arevalo-Melville-1.jpg 1417w\" sizes=\"auto, (max-width: 1280px) 100vw, 1280px\" \/><\/figure><div class=\"wp-block-media-text__content\">\n<p class=\"has-medium-font-size\"><em>Nettuno d\u00e0 il benvenuto nuovamente agli insetti, piccoli ma attori chiave nelle dinamiche degli ecosistemi da cui dipendiamo, in una citt\u00e0 ricca di opportunit\u00e0 per l&#8217;impollinazione, per la creativit\u00e0, per il futuro.<br>La proposta del concorso mi ha reso davvero entusiasta. Bologna \u00e8 una citt\u00e0 che riempie il mio cuore di gioia ogni volta che ho il privilegio di visitarla. Reinterpretarla, reinventarla e restituirla come citt\u00e0 per gli insetti \u00e8 stato magico!&nbsp;<\/em><\/p>\n<\/div><\/div>\n\n\n\n<div style=\"height:100px\" aria-hidden=\"true\" class=\"wp-block-spacer\"><\/div>\n","protected":false},"excerpt":{"rendered":"<p>PROFILO INSTAGRAM Elena \u00e8 un&#8217;autrice, illustratrice e artista latinoamericana pluripremiata, che ha fatto il suo ingresso nell&#8217;ambito della pubblicazione per bambini e dell&#8217;illustrazione dopo un lungo percorso che l&#8217;ha portata dall&#8217;architettura alla pittura. Il suo lavoro, pubblicato a livello internazionale, affronta temi legati all&#8217;appartenenza, alla comunit\u00e0, all&#8217;identit\u00e0 e alla resilienza \ud835\ude3d\ud835\ude64\ud835\ude61\ud835\ude64\ud835\ude5c\ud835\ude63\ud835\ude56, \ud835\ude65\ud835\ude64\ud835\ude61\ud835\ude61\ud835\ude5e\ud835\ude63\ud835\ude56\ud835\ude69\ud835\ude5e\ud835\ude64\ud835\ude63 \ud835\ude58\ud835\ude5e\ud835\ude69\ud835\ude6e Nettuno d\u00e0 [&hellip;]<\/p>\n","protected":false},"author":1,"featured_media":0,"parent":0,"menu_order":0,"comment_status":"closed","ping_status":"closed","template":"","meta":{"_acf_changed":false,"footnotes":""},"class_list":["post-3725","page","type-page","status-publish","hentry"],"acf":[],"_links":{"self":[{"href":"https:\/\/bo-it.org\/wpsite\/wp-json\/wp\/v2\/pages\/3725","targetHints":{"allow":["GET"]}}],"collection":[{"href":"https:\/\/bo-it.org\/wpsite\/wp-json\/wp\/v2\/pages"}],"about":[{"href":"https:\/\/bo-it.org\/wpsite\/wp-json\/wp\/v2\/types\/page"}],"author":[{"embeddable":true,"href":"https:\/\/bo-it.org\/wpsite\/wp-json\/wp\/v2\/users\/1"}],"replies":[{"embeddable":true,"href":"https:\/\/bo-it.org\/wpsite\/wp-json\/wp\/v2\/comments?post=3725"}],"version-history":[{"count":2,"href":"https:\/\/bo-it.org\/wpsite\/wp-json\/wp\/v2\/pages\/3725\/revisions"}],"predecessor-version":[{"id":3776,"href":"https:\/\/bo-it.org\/wpsite\/wp-json\/wp\/v2\/pages\/3725\/revisions\/3776"}],"wp:attachment":[{"href":"https:\/\/bo-it.org\/wpsite\/wp-json\/wp\/v2\/media?parent=3725"}],"curies":[{"name":"wp","href":"https:\/\/api.w.org\/{rel}","templated":true}]}}