{"id":3648,"date":"2023-09-12T22:15:32","date_gmt":"2023-09-12T20:15:32","guid":{"rendered":"https:\/\/bo-it.org\/wpsite?page_id=3648"},"modified":"2024-01-10T17:17:38","modified_gmt":"2024-01-10T16:17:38","slug":"30selected_3rd_edition","status":"publish","type":"page","link":"https:\/\/bo-it.org\/wpsite\/30selected_3rd_edition","title":{"rendered":"The 30 selected artworks for the 3rd edition"},"content":{"rendered":"\n<div style=\"height:20px\" aria-hidden=\"true\" class=\"wp-block-spacer\"><\/div>\n\n\n\n<p>1st prize: Silvia Baccanti &#8211; <em>Invasione auspicata<\/em><\/p>\n\n\n\n<p>2nd prize: Elena Arevalo Melville &#8211; Bologna, pollination city<\/p>\n\n\n\n<p>3rd prize: Chiara Gaffuri &#8211; <em>L\u2019anno che verr\u00e0<\/em><\/p>\n\n\n\n<div style=\"height:20px\" aria-hidden=\"true\" class=\"wp-block-spacer\"><\/div>\n\n\n\n<figure class=\"wp-block-gallery has-nested-images columns-default is-cropped wp-block-gallery-1 is-layout-flex wp-block-gallery-is-layout-flex\">\n<figure class=\"wp-block-image\"><a href=\"https:\/\/bo-it.org\/wpsite\/en\/silvia-baccanti\"><img loading=\"lazy\" decoding=\"async\" width=\"2160\" height=\"2160\" data-id=\"3535\" src=\"\/files\/Silvia-Baccanti-1.jpg\" alt=\"Silvia Baccanti - Invasione auspicata\" class=\"wp-image-3535\" srcset=\"\/files\/Silvia-Baccanti-1.jpg 2160w, \/files\/Silvia-Baccanti-1-300x300.jpg 300w, \/files\/Silvia-Baccanti-1-100x100.jpg 100w, \/files\/Silvia-Baccanti-1-600x600.jpg 600w, \/files\/Silvia-Baccanti-1-533x533.jpg 533w, \/files\/Silvia-Baccanti-1-1280x1280.jpg 1280w, \/files\/Silvia-Baccanti-1-768x768.jpg 768w, \/files\/Silvia-Baccanti-1-1536x1536.jpg 1536w, \/files\/Silvia-Baccanti-1-2048x2048.jpg 2048w\" sizes=\"auto, (max-width: 2160px) 100vw, 2160px\" \/><\/a><figcaption class=\"wp-element-caption\"><strong>Silvia Baccanti &#8211; <em>Invasione auspicata<\/em><\/strong><\/figcaption><\/figure>\n\n\n\n<figure class=\"wp-block-image\"><a href=\"https:\/\/bo-it.org\/wpsite\/en\/elena-arevalo-melville\"><img loading=\"lazy\" decoding=\"async\" width=\"1417\" height=\"1417\" data-id=\"3493\" src=\"\/files\/Elena-Arevalo-Melville-1.jpg\" alt=\"Elena Arevalo Melville - Bologna, pollination city\" class=\"wp-image-3493\" srcset=\"\/files\/Elena-Arevalo-Melville-1.jpg 1417w, \/files\/Elena-Arevalo-Melville-1-300x300.jpg 300w, \/files\/Elena-Arevalo-Melville-1-100x100.jpg 100w, \/files\/Elena-Arevalo-Melville-1-600x600.jpg 600w, \/files\/Elena-Arevalo-Melville-1-533x533.jpg 533w, \/files\/Elena-Arevalo-Melville-1-1280x1280.jpg 1280w, \/files\/Elena-Arevalo-Melville-1-768x768.jpg 768w\" sizes=\"auto, (max-width: 1417px) 100vw, 1417px\" \/><\/a><figcaption class=\"wp-element-caption\"><strong>Elena Arevalo Melville &#8211; <em>Bologna, pollination city<\/em><\/strong><\/figcaption><\/figure>\n\n\n\n<figure class=\"wp-block-image\"><a href=\"https:\/\/bo-it.org\/wpsite\/en\/chiara-gaffuri\"><img loading=\"lazy\" decoding=\"async\" width=\"1771\" height=\"1771\" data-id=\"3489\" src=\"\/files\/Chiara-Gaffuri-1.jpg\" alt=\"Chiara Gaffuri - L\u2019anno che verr\u00e0\" class=\"wp-image-3489\" srcset=\"\/files\/Chiara-Gaffuri-1.jpg 1771w, \/files\/Chiara-Gaffuri-1-300x300.jpg 300w, \/files\/Chiara-Gaffuri-1-100x100.jpg 100w, \/files\/Chiara-Gaffuri-1-600x600.jpg 600w, \/files\/Chiara-Gaffuri-1-533x533.jpg 533w, \/files\/Chiara-Gaffuri-1-1280x1280.jpg 1280w, \/files\/Chiara-Gaffuri-1-768x768.jpg 768w, \/files\/Chiara-Gaffuri-1-1536x1536.jpg 1536w\" sizes=\"auto, (max-width: 1771px) 100vw, 1771px\" \/><\/a><figcaption class=\"wp-element-caption\"><strong>Chiara Gaffuri &#8211; <em>L\u2019anno che verr\u00e0<\/em><\/strong><\/figcaption><\/figure>\n\n\n\n<figure class=\"wp-block-image\"><a href=\"https:\/\/bo-it.org\/wpsite\/en\/veronica-dalla-bona\"><img loading=\"lazy\" decoding=\"async\" width=\"850\" height=\"850\" data-id=\"3537\" src=\"\/files\/Veronica-Dalla-Bona.jpg\" alt=\"Veronica Dalla Bona - Lago profondo\" class=\"wp-image-3537\" srcset=\"\/files\/Veronica-Dalla-Bona.jpg 850w, \/files\/Veronica-Dalla-Bona-300x300.jpg 300w, \/files\/Veronica-Dalla-Bona-100x100.jpg 100w, \/files\/Veronica-Dalla-Bona-600x600.jpg 600w, \/files\/Veronica-Dalla-Bona-533x533.jpg 533w, \/files\/Veronica-Dalla-Bona-768x768.jpg 768w\" sizes=\"auto, (max-width: 850px) 100vw, 850px\" \/><\/a><figcaption class=\"wp-element-caption\"><strong>Veronica Dalla Bona &#8211;<em> Lago profondo<\/em><\/strong><\/figcaption><\/figure>\n\n\n\n<figure class=\"wp-block-image\"><a href=\"https:\/\/bo-it.org\/wpsite\/en\/maria-cristina-cassanmagnago\"><img loading=\"lazy\" decoding=\"async\" width=\"1417\" height=\"1417\" data-id=\"3529\" src=\"\/files\/Maria-Cristina-Cassanmagnago-1.jpg\" alt=\"Maria Cristina Cassanmagnago - Moltopi\u00f9\" class=\"wp-image-3529\" srcset=\"\/files\/Maria-Cristina-Cassanmagnago-1.jpg 1417w, \/files\/Maria-Cristina-Cassanmagnago-1-300x300.jpg 300w, \/files\/Maria-Cristina-Cassanmagnago-1-100x100.jpg 100w, \/files\/Maria-Cristina-Cassanmagnago-1-600x600.jpg 600w, \/files\/Maria-Cristina-Cassanmagnago-1-533x533.jpg 533w, \/files\/Maria-Cristina-Cassanmagnago-1-1280x1280.jpg 1280w, \/files\/Maria-Cristina-Cassanmagnago-1-768x768.jpg 768w\" sizes=\"auto, (max-width: 1417px) 100vw, 1417px\" \/><\/a><figcaption class=\"wp-element-caption\"><strong>Maria Cristina Cassanmagnago &#8211; <em>Moltopi\u00f9<\/em><\/strong><\/figcaption><\/figure>\n\n\n\n<figure class=\"wp-block-image\"><a href=\"https:\/\/bo-it.org\/wpsite\/en\/mahboubeh-khosravi-khaftari\"><img loading=\"lazy\" decoding=\"async\" width=\"1417\" height=\"1417\" data-id=\"3527\" src=\"\/files\/Mahboubeh-Khosravi-Khaftari-.jpg\" alt=\"Mahboubeh Khosravi Khaftari - Nature is part of our being\" class=\"wp-image-3527\" srcset=\"\/files\/Mahboubeh-Khosravi-Khaftari-.jpg 1417w, \/files\/Mahboubeh-Khosravi-Khaftari--300x300.jpg 300w, \/files\/Mahboubeh-Khosravi-Khaftari--100x100.jpg 100w, \/files\/Mahboubeh-Khosravi-Khaftari--600x600.jpg 600w, \/files\/Mahboubeh-Khosravi-Khaftari--533x533.jpg 533w, \/files\/Mahboubeh-Khosravi-Khaftari--1280x1280.jpg 1280w, \/files\/Mahboubeh-Khosravi-Khaftari--768x768.jpg 768w\" sizes=\"auto, (max-width: 1417px) 100vw, 1417px\" \/><\/a><figcaption class=\"wp-element-caption\"><strong>Mahboubeh Khosravi Khaftari &#8211; <em>Nature is part of our being<\/em><\/strong><\/figcaption><\/figure>\n\n\n\n<figure class=\"wp-block-image\"><a href=\"https:\/\/bo-it.org\/wpsite\/en\/angela-yehua\"><img loading=\"lazy\" decoding=\"async\" width=\"1771\" height=\"1771\" data-id=\"3481\" src=\"\/files\/Angela-Yehua-1.jpg\" alt=\"Angela Yehua - Albero\" class=\"wp-image-3481\" srcset=\"\/files\/Angela-Yehua-1.jpg 1771w, \/files\/Angela-Yehua-1-300x300.jpg 300w, \/files\/Angela-Yehua-1-100x100.jpg 100w, \/files\/Angela-Yehua-1-600x600.jpg 600w, \/files\/Angela-Yehua-1-533x533.jpg 533w, \/files\/Angela-Yehua-1-1280x1280.jpg 1280w, \/files\/Angela-Yehua-1-768x768.jpg 768w, \/files\/Angela-Yehua-1-1536x1536.jpg 1536w\" sizes=\"auto, (max-width: 1771px) 100vw, 1771px\" \/><\/a><figcaption class=\"wp-element-caption\"><strong>Angela Yehua &#8211; <em>Albero<\/em><\/strong><\/figcaption><\/figure>\n\n\n\n<figure class=\"wp-block-image\"><a href=\"https:\/\/bo-it.org\/wpsite\/en\/isabella-bignardi\"><img loading=\"lazy\" decoding=\"async\" width=\"1417\" height=\"1417\" data-id=\"3519\" src=\"\/files\/Isabella-Bignardi-2.jpg\" alt=\"Isabella Bignardi - Il gioco dell'oca\" class=\"wp-image-3519\" srcset=\"\/files\/Isabella-Bignardi-2.jpg 1417w, \/files\/Isabella-Bignardi-2-300x300.jpg 300w, \/files\/Isabella-Bignardi-2-100x100.jpg 100w, \/files\/Isabella-Bignardi-2-600x600.jpg 600w, \/files\/Isabella-Bignardi-2-533x533.jpg 533w, \/files\/Isabella-Bignardi-2-1280x1280.jpg 1280w, \/files\/Isabella-Bignardi-2-768x768.jpg 768w\" sizes=\"auto, (max-width: 1417px) 100vw, 1417px\" \/><\/a><figcaption class=\"wp-element-caption\"><strong>Isabella Bignardi &#8211;<em> Il gioco dell&#8217;oca<\/em><\/strong><\/figcaption><\/figure>\n\n\n\n<figure class=\"wp-block-image\"><a href=\"https:\/\/bo-it.org\/wpsite\/en\/elena-banci\"><img loading=\"lazy\" decoding=\"async\" width=\"1771\" height=\"1771\" data-id=\"3495\" src=\"\/files\/Elena-Banci-2.jpg\" alt=\"Elena Banci - L\u2019albero sul tetto\" class=\"wp-image-3495\" srcset=\"\/files\/Elena-Banci-2.jpg 1771w, \/files\/Elena-Banci-2-300x300.jpg 300w, \/files\/Elena-Banci-2-100x100.jpg 100w, \/files\/Elena-Banci-2-600x600.jpg 600w, \/files\/Elena-Banci-2-533x533.jpg 533w, \/files\/Elena-Banci-2-1280x1280.jpg 1280w, \/files\/Elena-Banci-2-768x768.jpg 768w, \/files\/Elena-Banci-2-1536x1536.jpg 1536w\" sizes=\"auto, (max-width: 1771px) 100vw, 1771px\" \/><\/a><figcaption class=\"wp-element-caption\"><strong>Elena Banci &#8211; <em>L\u2019albero sul tetto<\/em><\/strong><\/figcaption><\/figure>\n\n\n\n<figure class=\"wp-block-image\"><a href=\"https:\/\/bo-it.org\/wpsite\/en\/carmen-terlizzi\"><img loading=\"lazy\" decoding=\"async\" width=\"1771\" height=\"1771\" data-id=\"3483\" src=\"\/files\/Carmen-Terlizzi.jpg\" alt=\"Carmen Trelizzi - \" class=\"wp-image-3483\" srcset=\"\/files\/Carmen-Terlizzi.jpg 1771w, \/files\/Carmen-Terlizzi-300x300.jpg 300w, \/files\/Carmen-Terlizzi-100x100.jpg 100w, \/files\/Carmen-Terlizzi-600x600.jpg 600w, \/files\/Carmen-Terlizzi-533x533.jpg 533w, \/files\/Carmen-Terlizzi-1280x1280.jpg 1280w, \/files\/Carmen-Terlizzi-768x768.jpg 768w, \/files\/Carmen-Terlizzi-1536x1536.jpg 1536w\" sizes=\"auto, (max-width: 1771px) 100vw, 1771px\" \/><\/a><figcaption class=\"wp-element-caption\"><strong>Carmen Trelizzi &#8211; <em>La mia Bolo<\/em><\/strong><\/figcaption><\/figure>\n\n\n\n<figure class=\"wp-block-image\"><a href=\"https:\/\/bo-it.org\/wpsite\/en\/eleonora-castagna\"><img loading=\"lazy\" decoding=\"async\" width=\"1771\" height=\"1771\" data-id=\"3501\" src=\"\/files\/Eleonora-Castagna-1.jpg\" alt=\"Eleonora Castagna - Treehouse\" class=\"wp-image-3501\" srcset=\"\/files\/Eleonora-Castagna-1.jpg 1771w, \/files\/Eleonora-Castagna-1-300x300.jpg 300w, \/files\/Eleonora-Castagna-1-100x100.jpg 100w, \/files\/Eleonora-Castagna-1-600x600.jpg 600w, \/files\/Eleonora-Castagna-1-533x533.jpg 533w, \/files\/Eleonora-Castagna-1-1280x1280.jpg 1280w, \/files\/Eleonora-Castagna-1-768x768.jpg 768w, \/files\/Eleonora-Castagna-1-1536x1536.jpg 1536w\" sizes=\"auto, (max-width: 1771px) 100vw, 1771px\" \/><\/a><figcaption class=\"wp-element-caption\"><strong>Eleonora Castagna &#8211; <em>Treehouse<\/em><\/strong><\/figcaption><\/figure>\n\n\n\n<figure class=\"wp-block-image\"><a href=\"https:\/\/bo-it.org\/wpsite\/en\/ghazal-marzieh-fatollahi\"><img loading=\"lazy\" decoding=\"async\" width=\"1771\" height=\"1771\" data-id=\"3509\" src=\"\/files\/Ghazal-Marzieh-Fatollahi-2.jpg\" alt=\"Ghazal Marzieh Fatollahi - And now our green\" class=\"wp-image-3509\" srcset=\"\/files\/Ghazal-Marzieh-Fatollahi-2.jpg 1771w, \/files\/Ghazal-Marzieh-Fatollahi-2-300x300.jpg 300w, \/files\/Ghazal-Marzieh-Fatollahi-2-100x100.jpg 100w, \/files\/Ghazal-Marzieh-Fatollahi-2-600x600.jpg 600w, \/files\/Ghazal-Marzieh-Fatollahi-2-533x533.jpg 533w, \/files\/Ghazal-Marzieh-Fatollahi-2-1280x1280.jpg 1280w, \/files\/Ghazal-Marzieh-Fatollahi-2-768x768.jpg 768w, \/files\/Ghazal-Marzieh-Fatollahi-2-1536x1536.jpg 1536w\" sizes=\"auto, (max-width: 1771px) 100vw, 1771px\" \/><\/a><figcaption class=\"wp-element-caption\"><strong>Ghazal Marzieh Fatollahi &#8211; <em>And now our green earth was coming in<\/em><\/strong><\/figcaption><\/figure>\n\n\n\n<figure class=\"wp-block-image\"><a href=\"https:\/\/bo-it.org\/wpsite\/en\/carmine-foschino\"><img loading=\"lazy\" decoding=\"async\" width=\"1181\" height=\"1181\" data-id=\"3485\" src=\"\/files\/Carmine-Foschino-2.jpg\" alt=\"Carmine Foschino - Collabor_Azione\" class=\"wp-image-3485\" srcset=\"\/files\/Carmine-Foschino-2.jpg 1181w, \/files\/Carmine-Foschino-2-300x300.jpg 300w, \/files\/Carmine-Foschino-2-100x100.jpg 100w, \/files\/Carmine-Foschino-2-600x600.jpg 600w, \/files\/Carmine-Foschino-2-533x533.jpg 533w, \/files\/Carmine-Foschino-2-768x768.jpg 768w\" sizes=\"auto, (max-width: 1181px) 100vw, 1181px\" \/><\/a><figcaption class=\"wp-element-caption\"><strong>Carmine Foschino &#8211;<em> Collabor_Azione<\/em><\/strong><\/figcaption><\/figure>\n\n\n\n<figure class=\"wp-block-image\"><a href=\"https:\/\/bo-it.org\/wpsite\/en\/elena-krivtsova\"><img loading=\"lazy\" decoding=\"async\" width=\"850\" height=\"850\" data-id=\"3499\" src=\"\/files\/Elena-Krivtsova-2.jpg\" alt=\"Elena Krivtsova - Aldrovandi\" class=\"wp-image-3499\" srcset=\"\/files\/Elena-Krivtsova-2.jpg 850w, \/files\/Elena-Krivtsova-2-300x300.jpg 300w, \/files\/Elena-Krivtsova-2-100x100.jpg 100w, \/files\/Elena-Krivtsova-2-600x600.jpg 600w, \/files\/Elena-Krivtsova-2-533x533.jpg 533w, \/files\/Elena-Krivtsova-2-768x768.jpg 768w\" sizes=\"auto, (max-width: 850px) 100vw, 850px\" \/><\/a><figcaption class=\"wp-element-caption\"><strong>Elena Krivtsova &#8211; <em>Aldrovandi<\/em><\/strong><\/figcaption><\/figure>\n\n\n\n<figure class=\"wp-block-image\"><a href=\"https:\/\/bo-it.org\/wpsite\/en\/zsofia-almas\"><img loading=\"lazy\" decoding=\"async\" width=\"1417\" height=\"1417\" data-id=\"3541\" src=\"\/files\/Zsofia-Almas-2.jpg\" alt=\"Zso\u0301fia Alma\u0301s - Rising Roots\" class=\"wp-image-3541\" srcset=\"\/files\/Zsofia-Almas-2.jpg 1417w, \/files\/Zsofia-Almas-2-300x300.jpg 300w, \/files\/Zsofia-Almas-2-100x100.jpg 100w, \/files\/Zsofia-Almas-2-600x600.jpg 600w, \/files\/Zsofia-Almas-2-533x533.jpg 533w, \/files\/Zsofia-Almas-2-1280x1280.jpg 1280w, \/files\/Zsofia-Almas-2-768x768.jpg 768w\" sizes=\"auto, (max-width: 1417px) 100vw, 1417px\" \/><\/a><figcaption class=\"wp-element-caption\"><strong>Zso\u0301fia Alma\u0301s &#8211; <em>Rising Roots<\/em><\/strong><\/figcaption><\/figure>\n\n\n\n<figure class=\"wp-block-image\"><a href=\"https:\/\/bo-it.org\/wpsite\/en\/chanelle-loyd\"><img loading=\"lazy\" decoding=\"async\" width=\"1771\" height=\"1771\" data-id=\"3487\" src=\"\/files\/Chanelle-Lloyd-1.jpg\" alt=\"Chanelle Lloyd - There\u2019s No Room For The Good Stuff\" class=\"wp-image-3487\" srcset=\"\/files\/Chanelle-Lloyd-1.jpg 1771w, \/files\/Chanelle-Lloyd-1-300x300.jpg 300w, \/files\/Chanelle-Lloyd-1-100x100.jpg 100w, \/files\/Chanelle-Lloyd-1-600x600.jpg 600w, \/files\/Chanelle-Lloyd-1-533x533.jpg 533w, \/files\/Chanelle-Lloyd-1-1280x1280.jpg 1280w, \/files\/Chanelle-Lloyd-1-768x768.jpg 768w, \/files\/Chanelle-Lloyd-1-1536x1536.jpg 1536w\" sizes=\"auto, (max-width: 1771px) 100vw, 1771px\" \/><\/a><figcaption class=\"wp-element-caption\"><strong>Chanelle Lloyd &#8211; <em>There\u2019s No Room For The Good Stuff<\/em><\/strong><\/figcaption><\/figure>\n\n\n\n<figure class=\"wp-block-image\"><a href=\"https:\/\/bo-it.org\/wpsite\/en\/federico-babina\"><img loading=\"lazy\" decoding=\"async\" width=\"1771\" height=\"1771\" data-id=\"3507\" src=\"\/files\/Federico-Babina-1.jpg\" alt=\"Federico Babina - BO2logna\" class=\"wp-image-3507\" srcset=\"\/files\/Federico-Babina-1.jpg 1771w, \/files\/Federico-Babina-1-300x300.jpg 300w, \/files\/Federico-Babina-1-100x100.jpg 100w, \/files\/Federico-Babina-1-600x600.jpg 600w, \/files\/Federico-Babina-1-533x533.jpg 533w, \/files\/Federico-Babina-1-1280x1280.jpg 1280w, \/files\/Federico-Babina-1-768x768.jpg 768w, \/files\/Federico-Babina-1-1536x1536.jpg 1536w\" sizes=\"auto, (max-width: 1771px) 100vw, 1771px\" \/><\/a><figcaption class=\"wp-element-caption\"><strong>Federico Babina &#8211;<em> BO2logna<\/em><\/strong><\/figcaption><\/figure>\n\n\n\n<figure class=\"wp-block-image\"><a href=\"https:\/\/bo-it.org\/wpsite\/en\/dayu-wu\"><img loading=\"lazy\" decoding=\"async\" width=\"1771\" height=\"1771\" data-id=\"3491\" src=\"\/files\/Dayu-Wu-1.jpg\" alt=\"Dayu Wu - Wanishing glacier\" class=\"wp-image-3491\" srcset=\"\/files\/Dayu-Wu-1.jpg 1771w, \/files\/Dayu-Wu-1-300x300.jpg 300w, \/files\/Dayu-Wu-1-100x100.jpg 100w, \/files\/Dayu-Wu-1-600x600.jpg 600w, \/files\/Dayu-Wu-1-533x533.jpg 533w, \/files\/Dayu-Wu-1-1280x1280.jpg 1280w, \/files\/Dayu-Wu-1-768x768.jpg 768w, \/files\/Dayu-Wu-1-1536x1536.jpg 1536w\" sizes=\"auto, (max-width: 1771px) 100vw, 1771px\" \/><\/a><figcaption class=\"wp-element-caption\"><strong>Dayu Wu &#8211; <em>Wanishing glacier<\/em><\/strong><\/figcaption><\/figure>\n\n\n\n<figure class=\"wp-block-image\"><a href=\"https:\/\/bo-it.org\/wpsite\/en\/ildiko-nova\"><img loading=\"lazy\" decoding=\"async\" width=\"1771\" height=\"1771\" data-id=\"3511\" src=\"\/files\/Ildiko-Nova-1.jpg\" alt=\"Ildiko Nova - Reflections\" class=\"wp-image-3511\" srcset=\"\/files\/Ildiko-Nova-1.jpg 1771w, \/files\/Ildiko-Nova-1-300x300.jpg 300w, \/files\/Ildiko-Nova-1-100x100.jpg 100w, \/files\/Ildiko-Nova-1-600x600.jpg 600w, \/files\/Ildiko-Nova-1-533x533.jpg 533w, \/files\/Ildiko-Nova-1-1280x1280.jpg 1280w, \/files\/Ildiko-Nova-1-768x768.jpg 768w, \/files\/Ildiko-Nova-1-1536x1536.jpg 1536w\" sizes=\"auto, (max-width: 1771px) 100vw, 1771px\" \/><\/a><figcaption class=\"wp-element-caption\"><strong>Ildiko Nova &#8211; <em>Reflections<\/em><\/strong><\/figcaption><\/figure>\n\n\n\n<figure class=\"wp-block-image\"><a href=\"https:\/\/bo-it.org\/wpsite\/en\/parnian-pourmovahed\"><img loading=\"lazy\" decoding=\"async\" width=\"1181\" height=\"1181\" data-id=\"3533\" src=\"\/files\/Parnian-Pourmovahed-1.jpg\" alt=\"Parnian Pourmovahed - Wildfire is serious\" class=\"wp-image-3533\" srcset=\"\/files\/Parnian-Pourmovahed-1.jpg 1181w, \/files\/Parnian-Pourmovahed-1-300x300.jpg 300w, \/files\/Parnian-Pourmovahed-1-100x100.jpg 100w, \/files\/Parnian-Pourmovahed-1-600x600.jpg 600w, \/files\/Parnian-Pourmovahed-1-533x533.jpg 533w, \/files\/Parnian-Pourmovahed-1-768x768.jpg 768w\" sizes=\"auto, (max-width: 1181px) 100vw, 1181px\" \/><\/a><figcaption class=\"wp-element-caption\"><strong>Parnian Pourmovahed &#8211; <em>Wildfire is serious<\/em><\/strong><\/figcaption><\/figure>\n\n\n\n<figure class=\"wp-block-image\"><a href=\"https:\/\/bo-it.org\/wpsite\/en\/mohammad-javad-jamshidi\"><img loading=\"lazy\" decoding=\"async\" width=\"1771\" height=\"1771\" data-id=\"3531\" src=\"\/files\/Mohammad-Javad-Jamshidi-1.jpg\" alt=\"Mohammad Javad - Pizza proj\" class=\"wp-image-3531\" srcset=\"\/files\/Mohammad-Javad-Jamshidi-1.jpg 1771w, \/files\/Mohammad-Javad-Jamshidi-1-300x300.jpg 300w, \/files\/Mohammad-Javad-Jamshidi-1-100x100.jpg 100w, \/files\/Mohammad-Javad-Jamshidi-1-600x600.jpg 600w, \/files\/Mohammad-Javad-Jamshidi-1-533x533.jpg 533w, \/files\/Mohammad-Javad-Jamshidi-1-1280x1280.jpg 1280w, \/files\/Mohammad-Javad-Jamshidi-1-768x768.jpg 768w, \/files\/Mohammad-Javad-Jamshidi-1-1536x1536.jpg 1536w\" sizes=\"auto, (max-width: 1771px) 100vw, 1771px\" \/><\/a><figcaption class=\"wp-element-caption\"><strong>Mohammad Javad &#8211; <em>Pizza proj<\/em><\/strong><\/figcaption><\/figure>\n\n\n\n<figure class=\"wp-block-image\"><a href=\"https:\/\/bo-it.org\/wpsite\/en\/eli-piozza-iniesta\"><img loading=\"lazy\" decoding=\"async\" width=\"1771\" height=\"1771\" data-id=\"3503\" src=\"\/files\/Eli-Piozza-Iniesta-1.jpg\" alt=\"Eli Piozza Iniesta - Friendly Rooftop\" class=\"wp-image-3503\" srcset=\"\/files\/Eli-Piozza-Iniesta-1.jpg 1771w, \/files\/Eli-Piozza-Iniesta-1-300x300.jpg 300w, \/files\/Eli-Piozza-Iniesta-1-100x100.jpg 100w, \/files\/Eli-Piozza-Iniesta-1-600x600.jpg 600w, \/files\/Eli-Piozza-Iniesta-1-533x533.jpg 533w, \/files\/Eli-Piozza-Iniesta-1-1280x1280.jpg 1280w, \/files\/Eli-Piozza-Iniesta-1-768x768.jpg 768w, \/files\/Eli-Piozza-Iniesta-1-1536x1536.jpg 1536w\" sizes=\"auto, (max-width: 1771px) 100vw, 1771px\" \/><\/a><figcaption class=\"wp-element-caption\"><strong>Eli Piozza Iniesta &#8211;<em> Friendly Rooftop<\/em><\/strong><\/figcaption><\/figure>\n\n\n\n<figure class=\"wp-block-image\"><a href=\"https:\/\/bo-it.org\/wpsite\/en\/ipek-konak\"><img loading=\"lazy\" decoding=\"async\" width=\"1417\" height=\"1417\" data-id=\"3515\" src=\"\/files\/Ipek-Konak-1.jpg\" alt=\"Ipek Konak - Gem city\" class=\"wp-image-3515\" srcset=\"\/files\/Ipek-Konak-1.jpg 1417w, \/files\/Ipek-Konak-1-300x300.jpg 300w, \/files\/Ipek-Konak-1-100x100.jpg 100w, \/files\/Ipek-Konak-1-600x600.jpg 600w, \/files\/Ipek-Konak-1-533x533.jpg 533w, \/files\/Ipek-Konak-1-1280x1280.jpg 1280w, \/files\/Ipek-Konak-1-768x768.jpg 768w\" sizes=\"auto, (max-width: 1417px) 100vw, 1417px\" \/><\/a><figcaption class=\"wp-element-caption\"><strong>Ipek Konak &#8211; <em>Gem city<\/em><\/strong><\/figcaption><\/figure>\n\n\n\n<figure class=\"wp-block-image\"><a href=\"https:\/\/bo-it.org\/wpsite\/en\/yifan-jian\"><img loading=\"lazy\" decoding=\"async\" width=\"850\" height=\"850\" data-id=\"3539\" src=\"\/files\/Yifan-Jian-2.jpg\" alt=\"Yifan Jian - We'll have no\" class=\"wp-image-3539\" srcset=\"\/files\/Yifan-Jian-2.jpg 850w, \/files\/Yifan-Jian-2-300x300.jpg 300w, \/files\/Yifan-Jian-2-100x100.jpg 100w, \/files\/Yifan-Jian-2-600x600.jpg 600w, \/files\/Yifan-Jian-2-533x533.jpg 533w, \/files\/Yifan-Jian-2-768x768.jpg 768w\" sizes=\"auto, (max-width: 850px) 100vw, 850px\" \/><\/a><figcaption class=\"wp-element-caption\"><strong><mark style=\"background-color:rgba(0, 0, 0, 0)\" class=\"has-inline-color has-white-color\">Yifan Jian &#8211; <em>We&#8217;ll have nowhwere to hide<\/em><\/mark><\/strong><\/figcaption><\/figure>\n\n\n\n<figure class=\"wp-block-image\"><a href=\"https:\/\/bo-it.org\/wpsite\/en\/lingyan-zhu\"><img loading=\"lazy\" decoding=\"async\" width=\"1771\" height=\"1771\" data-id=\"3525\" src=\"\/files\/Lingyan-Zhu-1.jpg\" alt=\"Lingyan Zhu - Sottosopra\" class=\"wp-image-3525\" srcset=\"\/files\/Lingyan-Zhu-1.jpg 1771w, \/files\/Lingyan-Zhu-1-300x300.jpg 300w, \/files\/Lingyan-Zhu-1-100x100.jpg 100w, \/files\/Lingyan-Zhu-1-600x600.jpg 600w, \/files\/Lingyan-Zhu-1-533x533.jpg 533w, \/files\/Lingyan-Zhu-1-1280x1280.jpg 1280w, \/files\/Lingyan-Zhu-1-768x768.jpg 768w, \/files\/Lingyan-Zhu-1-1536x1536.jpg 1536w\" sizes=\"auto, (max-width: 1771px) 100vw, 1771px\" \/><\/a><figcaption class=\"wp-element-caption\"><strong>Lingyan Zhu &#8211; <em>Sottosopra<\/em><\/strong><\/figcaption><\/figure>\n\n\n\n<figure class=\"wp-block-image\"><a href=\"https:\/\/bo-it.org\/wpsite\/en\/ilya-khotin\"><img loading=\"lazy\" decoding=\"async\" width=\"1417\" height=\"1417\" data-id=\"3513\" src=\"\/files\/Ilya-Khotin-1.jpg\" alt=\"Ilya Khotin - Green Bologna\" class=\"wp-image-3513\" srcset=\"\/files\/Ilya-Khotin-1.jpg 1417w, \/files\/Ilya-Khotin-1-300x300.jpg 300w, \/files\/Ilya-Khotin-1-100x100.jpg 100w, \/files\/Ilya-Khotin-1-600x600.jpg 600w, \/files\/Ilya-Khotin-1-533x533.jpg 533w, \/files\/Ilya-Khotin-1-1280x1280.jpg 1280w, \/files\/Ilya-Khotin-1-768x768.jpg 768w\" sizes=\"auto, (max-width: 1417px) 100vw, 1417px\" \/><\/a><figcaption class=\"wp-element-caption\"><strong>Ilya Khotin &#8211; <em>Green Bologna<\/em><\/strong><\/figcaption><\/figure>\n\n\n\n<figure class=\"wp-block-image\"><a href=\"https:\/\/bo-it.org\/wpsite\/en\/irene-galletti\"><img loading=\"lazy\" decoding=\"async\" width=\"1771\" height=\"1771\" data-id=\"3517\" src=\"\/files\/Irene-Galletti-1.jpg\" alt=\"Irene Galletti - Trasporti alternativi\" class=\"wp-image-3517\" srcset=\"\/files\/Irene-Galletti-1.jpg 1771w, \/files\/Irene-Galletti-1-300x300.jpg 300w, \/files\/Irene-Galletti-1-100x100.jpg 100w, \/files\/Irene-Galletti-1-600x600.jpg 600w, \/files\/Irene-Galletti-1-533x533.jpg 533w, \/files\/Irene-Galletti-1-1280x1280.jpg 1280w, \/files\/Irene-Galletti-1-768x768.jpg 768w, \/files\/Irene-Galletti-1-1536x1536.jpg 1536w\" sizes=\"auto, (max-width: 1771px) 100vw, 1771px\" \/><\/a><figcaption class=\"wp-element-caption\"><strong>Irene Galletti &#8211;<em> Trasporti alternativi<\/em><\/strong><\/figcaption><\/figure>\n\n\n\n<figure class=\"wp-block-image\"><a href=\"https:\/\/bo-it.org\/wpsite\/en\/elizaveta-kosikhina\"><img loading=\"lazy\" decoding=\"async\" width=\"1771\" height=\"1771\" data-id=\"3505\" src=\"\/files\/Elizaveta-Kosikhina.jpg\" alt=\"Elizaveta Kosikhina - Fire of life\" class=\"wp-image-3505\" srcset=\"\/files\/Elizaveta-Kosikhina.jpg 1771w, \/files\/Elizaveta-Kosikhina-300x300.jpg 300w, \/files\/Elizaveta-Kosikhina-100x100.jpg 100w, \/files\/Elizaveta-Kosikhina-600x600.jpg 600w, \/files\/Elizaveta-Kosikhina-533x533.jpg 533w, \/files\/Elizaveta-Kosikhina-1280x1280.jpg 1280w, \/files\/Elizaveta-Kosikhina-768x768.jpg 768w, \/files\/Elizaveta-Kosikhina-1536x1536.jpg 1536w\" sizes=\"auto, (max-width: 1771px) 100vw, 1771px\" \/><\/a><figcaption class=\"wp-element-caption\"><strong>Elizaveta Kosikhina &#8211; <em>Fire of life<\/em><\/strong><\/figcaption><\/figure>\n\n\n\n<figure class=\"wp-block-image\"><a href=\"https:\/\/bo-it.org\/wpsite\/en\/jaquelina-diaz-de-leon-rodriguez\"><img loading=\"lazy\" decoding=\"async\" width=\"1771\" height=\"1771\" data-id=\"3521\" src=\"\/files\/Jaque-Jours-1.jpg\" alt=\"Jaquelina D\u00edaz de Le\u00f3n Rodr\u00edguez - Small things\" class=\"wp-image-3521\" srcset=\"\/files\/Jaque-Jours-1.jpg 1771w, \/files\/Jaque-Jours-1-300x300.jpg 300w, \/files\/Jaque-Jours-1-100x100.jpg 100w, \/files\/Jaque-Jours-1-600x600.jpg 600w, \/files\/Jaque-Jours-1-533x533.jpg 533w, \/files\/Jaque-Jours-1-1280x1280.jpg 1280w, \/files\/Jaque-Jours-1-768x768.jpg 768w, \/files\/Jaque-Jours-1-1536x1536.jpg 1536w\" sizes=\"auto, (max-width: 1771px) 100vw, 1771px\" \/><\/a><figcaption class=\"wp-element-caption\"><strong>Jaquelina D\u00edaz de Le\u00f3n Rodr\u00edguez &#8211; <em>Small things<\/em><\/strong><\/figcaption><\/figure>\n\n\n\n<figure class=\"wp-block-image\"><a href=\"https:\/\/bo-it.org\/wpsite\/en\/jeongeun-park\"><img loading=\"lazy\" decoding=\"async\" width=\"1771\" height=\"1771\" data-id=\"3523\" src=\"\/files\/Jeongeun-Park-1.jpg\" alt=\"Jeongeun Park - Within umbrellas\" class=\"wp-image-3523\" srcset=\"\/files\/Jeongeun-Park-1.jpg 1771w, \/files\/Jeongeun-Park-1-300x300.jpg 300w, \/files\/Jeongeun-Park-1-100x100.jpg 100w, \/files\/Jeongeun-Park-1-600x600.jpg 600w, \/files\/Jeongeun-Park-1-533x533.jpg 533w, \/files\/Jeongeun-Park-1-1280x1280.jpg 1280w, \/files\/Jeongeun-Park-1-768x768.jpg 768w, \/files\/Jeongeun-Park-1-1536x1536.jpg 1536w\" sizes=\"auto, (max-width: 1771px) 100vw, 1771px\" \/><\/a><figcaption class=\"wp-element-caption\"><strong>Jeongeun Park &#8211; <em>Within umbrellas<\/em><\/strong><\/figcaption><\/figure>\n<\/figure>\n\n\n\n<div style=\"height:30px\" aria-hidden=\"true\" class=\"wp-block-spacer\"><\/div>\n","protected":false},"excerpt":{"rendered":"<p>1st prize: Silvia Baccanti &#8211; Invasione auspicata 2nd prize: Elena Arevalo Melville &#8211; Bologna, pollination city 3rd prize: Chiara Gaffuri &#8211; L\u2019anno che verr\u00e0<\/p>\n","protected":false},"author":1,"featured_media":0,"parent":0,"menu_order":0,"comment_status":"closed","ping_status":"closed","template":"","meta":{"_acf_changed":false,"footnotes":""},"class_list":["post-3648","page","type-page","status-publish","hentry"],"acf":[],"_links":{"self":[{"href":"https:\/\/bo-it.org\/wpsite\/wp-json\/wp\/v2\/pages\/3648","targetHints":{"allow":["GET"]}}],"collection":[{"href":"https:\/\/bo-it.org\/wpsite\/wp-json\/wp\/v2\/pages"}],"about":[{"href":"https:\/\/bo-it.org\/wpsite\/wp-json\/wp\/v2\/types\/page"}],"author":[{"embeddable":true,"href":"https:\/\/bo-it.org\/wpsite\/wp-json\/wp\/v2\/users\/1"}],"replies":[{"embeddable":true,"href":"https:\/\/bo-it.org\/wpsite\/wp-json\/wp\/v2\/comments?post=3648"}],"version-history":[{"count":3,"href":"https:\/\/bo-it.org\/wpsite\/wp-json\/wp\/v2\/pages\/3648\/revisions"}],"predecessor-version":[{"id":3988,"href":"https:\/\/bo-it.org\/wpsite\/wp-json\/wp\/v2\/pages\/3648\/revisions\/3988"}],"wp:attachment":[{"href":"https:\/\/bo-it.org\/wpsite\/wp-json\/wp\/v2\/media?parent=3648"}],"curies":[{"name":"wp","href":"https:\/\/api.w.org\/{rel}","templated":true}]}}