{"id":3369,"date":"2023-10-16T04:00:00","date_gmt":"2023-10-16T02:00:00","guid":{"rendered":"https:\/\/bo-it.org\/wpsite?page_id=3369"},"modified":"2023-12-27T19:50:51","modified_gmt":"2023-12-27T18:50:51","slug":"carmen-terlizzi","status":"publish","type":"page","link":"https:\/\/bo-it.org\/wpsite\/carmen-terlizzi","title":{"rendered":"Carmen Terlizzi"},"content":{"rendered":"\n<p style=\"text-align: left;\"><strong><a href=\"https:\/\/www.instagram.com\/carmen_terlizzi\" target=\"_blank\" rel=\"noopener\"><button class=\"button\">PROFILO INSTAGRAM<\/button><\/a><\/strong><\/p>\n\n\n\n<p>Carmen Terlizzi inizia il suo percorso nelle Arti visive ma, dopo un Master in illustrazione editoriale, attualmente sta per terminare il Biennio di Illustrazione all\u2019Accademia di Belle arti di Bologna, dove studia e lavora.<\/p>\n\n\n\n<div style=\"height:29px\" aria-hidden=\"true\" class=\"wp-block-spacer\"><\/div>\n\n\n\n<div class=\"wp-block-group is-content-justification-space-between is-nowrap is-layout-flex wp-container-core-group-is-layout-1 wp-block-group-is-layout-flex\">\n<h2 class=\"wp-block-heading\">La mia Bolo<\/h2>\n<\/div>\n\n\n\n<div style=\"height:29px\" aria-hidden=\"true\" class=\"wp-block-spacer\"><\/div>\n\n\n\n<div class=\"wp-block-media-text alignwide is-stacked-on-mobile has-medium-font-size\"><figure class=\"wp-block-media-text__media\"><img loading=\"lazy\" decoding=\"async\" width=\"1280\" height=\"1280\" src=\"\/files\/Carmen-Terlizzi-1280x1280.jpg\" alt=\"Carmen Trelizzi - La mia Bolo\" class=\"wp-image-3482 size-large\" srcset=\"\/files\/Carmen-Terlizzi-1280x1280.jpg 1280w, \/files\/Carmen-Terlizzi-300x300.jpg 300w, \/files\/Carmen-Terlizzi-100x100.jpg 100w, \/files\/Carmen-Terlizzi-600x600.jpg 600w, \/files\/Carmen-Terlizzi-533x533.jpg 533w, \/files\/Carmen-Terlizzi-768x768.jpg 768w, \/files\/Carmen-Terlizzi-1536x1536.jpg 1536w, \/files\/Carmen-Terlizzi.jpg 1771w\" sizes=\"auto, (max-width: 1280px) 100vw, 1280px\" \/><\/figure><div class=\"wp-block-media-text__content\">\n<p>&#8220;<em>Dieci minuti e arrivo in bici!\u201d: la frase che dico pi\u00f9 spesso a Bologna.<br>Ed effettivamente \u00e8 vero. Non sono mai stata in una citt\u00e0 che mi desse tutta la libert\u00e0 che mi d\u00e0 Bologna.<\/em><\/p>\n<\/div><\/div>\n\n\n\n<div style=\"height:29px\" aria-hidden=\"true\" class=\"wp-block-spacer\"><\/div>\n\n\n\n<p><\/p>\n","protected":false},"excerpt":{"rendered":"<p>PROFILO INSTAGRAM Carmen Terlizzi inizia il suo percorso nelle Arti visive ma, dopo un Master in illustrazione editoriale, attualmente sta per terminare il Biennio di Illustrazione all\u2019Accademia di Belle arti di Bologna, dove studia e lavora. La mia Bolo &#8220;Dieci minuti e arrivo in bici!\u201d: la frase che dico pi\u00f9 spesso a Bologna.Ed effettivamente \u00e8 [&hellip;]<\/p>\n","protected":false},"author":1,"featured_media":0,"parent":0,"menu_order":0,"comment_status":"closed","ping_status":"closed","template":"","meta":{"_acf_changed":false,"footnotes":""},"class_list":["post-3369","page","type-page","status-publish","hentry"],"acf":[],"_links":{"self":[{"href":"https:\/\/bo-it.org\/wpsite\/wp-json\/wp\/v2\/pages\/3369","targetHints":{"allow":["GET"]}}],"collection":[{"href":"https:\/\/bo-it.org\/wpsite\/wp-json\/wp\/v2\/pages"}],"about":[{"href":"https:\/\/bo-it.org\/wpsite\/wp-json\/wp\/v2\/types\/page"}],"author":[{"embeddable":true,"href":"https:\/\/bo-it.org\/wpsite\/wp-json\/wp\/v2\/users\/1"}],"replies":[{"embeddable":true,"href":"https:\/\/bo-it.org\/wpsite\/wp-json\/wp\/v2\/comments?post=3369"}],"version-history":[{"count":3,"href":"https:\/\/bo-it.org\/wpsite\/wp-json\/wp\/v2\/pages\/3369\/revisions"}],"predecessor-version":[{"id":3849,"href":"https:\/\/bo-it.org\/wpsite\/wp-json\/wp\/v2\/pages\/3369\/revisions\/3849"}],"wp:attachment":[{"href":"https:\/\/bo-it.org\/wpsite\/wp-json\/wp\/v2\/media?parent=3369"}],"curies":[{"name":"wp","href":"https:\/\/api.w.org\/{rel}","templated":true}]}}