{"id":158,"date":"2018-09-23T18:12:19","date_gmt":"2018-09-23T16:12:19","guid":{"rendered":"http:\/\/www.bo-it.org\/wpsite\/?page_id=158"},"modified":"2023-02-25T03:33:52","modified_gmt":"2023-02-25T02:33:52","slug":"la-sagoma","status":"publish","type":"page","link":"https:\/\/bo-it.org\/wpsite\/la-sagoma","title":{"rendered":"La Sagoma"},"content":{"rendered":"\n<p class=\"has-medium-font-size\">La sagoma della terza Edizione di BOit! \u00e8 il <strong>contorno della citt\u00e0 di Bologna<\/strong>, nel suo perimetro pi\u00f9 riconoscibile: le sue <strong>antiche mura<\/strong>, l&#8217;ultima cerchia, di <strong>forma poligonale<\/strong>, detta <strong>cresta<\/strong> o <strong>circla<\/strong>.<\/p>\n\n\n<p><strong><a href=\"\/files\/BOit-2023_SAGOMA_allegato-A_Annex-A.pdf\" target=\"_blank\" rel=\"noopener\"><button class=\"button\">SAGOMA PDF<\/button><\/a><\/strong> <strong><a href=\"\/files\/BOit-2023_SAGOMA_allegato-A_Annex-A.jpg\" target=\"_blank\" rel=\"noopener\"><button class=\"button\">SAGOMA JPG<\/button><\/a><\/strong> <strong><a href=\"\/files\/BOit-23_Allegato-A2_Annex-A2.pdf\" target=\"_blank\" rel=\"noopener\"><button class=\"button\">BIBLIOGRAFIA<\/button><\/a><\/strong><\/p>","protected":false},"excerpt":{"rendered":"<p>La sagoma della terza Edizione di BOit! \u00e8 il contorno della citt\u00e0 di Bologna, nel suo perimetro pi\u00f9 riconoscibile: le sue antiche mura, l&#8217;ultima cerchia, di forma poligonale, detta cresta o circla. SAGOMA PDF SAGOMA JPG BIBLIOGRAFIA<\/p>\n","protected":false},"author":1,"featured_media":0,"parent":0,"menu_order":0,"comment_status":"closed","ping_status":"closed","template":"template\/page-left-right.php","meta":{"_acf_changed":false,"footnotes":""},"class_list":["post-158","page","type-page","status-publish","hentry"],"acf":[],"_links":{"self":[{"href":"https:\/\/bo-it.org\/wpsite\/wp-json\/wp\/v2\/pages\/158","targetHints":{"allow":["GET"]}}],"collection":[{"href":"https:\/\/bo-it.org\/wpsite\/wp-json\/wp\/v2\/pages"}],"about":[{"href":"https:\/\/bo-it.org\/wpsite\/wp-json\/wp\/v2\/types\/page"}],"author":[{"embeddable":true,"href":"https:\/\/bo-it.org\/wpsite\/wp-json\/wp\/v2\/users\/1"}],"replies":[{"embeddable":true,"href":"https:\/\/bo-it.org\/wpsite\/wp-json\/wp\/v2\/comments?post=158"}],"version-history":[{"count":3,"href":"https:\/\/bo-it.org\/wpsite\/wp-json\/wp\/v2\/pages\/158\/revisions"}],"predecessor-version":[{"id":2616,"href":"https:\/\/bo-it.org\/wpsite\/wp-json\/wp\/v2\/pages\/158\/revisions\/2616"}],"wp:attachment":[{"href":"https:\/\/bo-it.org\/wpsite\/wp-json\/wp\/v2\/media?parent=158"}],"curies":[{"name":"wp","href":"https:\/\/api.w.org\/{rel}","templated":true}]}}